{"id":1011,"date":"2026-03-27T11:09:39","date_gmt":"2026-03-27T11:09:39","guid":{"rendered":"https:\/\/outletdorota.pl\/?post_type=product&#038;p=1011"},"modified":"2026-03-27T11:09:39","modified_gmt":"2026-03-27T11:09:39","slug":"bezrekawnik-y-a-s","status":"publish","type":"product","link":"https:\/\/outletdorota.pl\/index.php\/produkt\/bezrekawnik-y-a-s\/","title":{"rendered":"Bezr\u0119kawnik Y.A.S"},"content":{"rendered":"<p>rozmiar: M<\/p>\n<p>kolor: niebieski<\/p>\n<p>materia\u0142: poliester<\/p>\n<p>szeroko\u015b\u0107 od pachy do pachy: 55cm na p\u0142asko<\/p>\n<p>d\u0142ugo\u015b\u0107:\u00a0 65cm<\/p>\n","protected":false},"excerpt":{"rendered":"<p>rozmiar: M kolor: niebieski materia\u0142: poliester szeroko\u015b\u0107 od pachy do  [&#8230;]<\/p>\n","protected":false},"featured_media":1012,"comment_status":"open","ping_status":"closed","template":"","meta":[],"product_brand":[],"product_cat":[30,41,27],"product_tag":[],"class_list":{"0":"post-1011","1":"product","2":"type-product","3":"status-publish","4":"has-post-thumbnail","6":"product_cat-damska","7":"product_cat-kurtki-i-plaszcze-damska","8":"product_cat-odziez","10":"first","11":"instock","12":"shipping-taxable","13":"purchasable","14":"product-type-simple"},"_links":{"self":[{"href":"https:\/\/outletdorota.pl\/index.php\/wp-json\/wp\/v2\/product\/1011","targetHints":{"allow":["GET"]}}],"collection":[{"href":"https:\/\/outletdorota.pl\/index.php\/wp-json\/wp\/v2\/product"}],"about":[{"href":"https:\/\/outletdorota.pl\/index.php\/wp-json\/wp\/v2\/types\/product"}],"replies":[{"embeddable":true,"href":"https:\/\/outletdorota.pl\/index.php\/wp-json\/wp\/v2\/comments?post=1011"}],"wp:featuredmedia":[{"embeddable":true,"href":"https:\/\/outletdorota.pl\/index.php\/wp-json\/wp\/v2\/media\/1012"}],"wp:attachment":[{"href":"https:\/\/outletdorota.pl\/index.php\/wp-json\/wp\/v2\/media?parent=1011"}],"wp:term":[{"taxonomy":"product_brand","embeddable":true,"href":"https:\/\/outletdorota.pl\/index.php\/wp-json\/wp\/v2\/product_brand?post=1011"},{"taxonomy":"product_cat","embeddable":true,"href":"https:\/\/outletdorota.pl\/index.php\/wp-json\/wp\/v2\/product_cat?post=1011"},{"taxonomy":"product_tag","embeddable":true,"href":"https:\/\/outletdorota.pl\/index.php\/wp-json\/wp\/v2\/product_tag?post=1011"}],"curies":[{"name":"wp","href":"https:\/\/api.w.org\/{rel}","templated":true}]}}