{"id":1026,"date":"2026-03-27T13:34:01","date_gmt":"2026-03-27T13:34:01","guid":{"rendered":"https:\/\/outletdorota.pl\/?post_type=product&#038;p=1026"},"modified":"2026-03-30T07:18:40","modified_gmt":"2026-03-30T07:18:40","slug":"czapka-z-daszkiem-guess-3","status":"publish","type":"product","link":"https:\/\/outletdorota.pl\/index.php\/produkt\/czapka-z-daszkiem-guess-3\/","title":{"rendered":"czapka z daszkiem GUESS"},"content":{"rendered":"<p>rozmiar: uniwersalny<\/p>\n<p>kolor: r\u00f3\u017cowy, wielobarwny<\/p>\n<p>materia\u0142: bawe\u0142na, poliester<\/p>\n","protected":false},"excerpt":{"rendered":"<p>rozmiar: uniwersalny kolor: r\u00f3\u017cowy, wielobarwny materia\u0142: bawe\u0142na, poliester<\/p>\n","protected":false},"featured_media":1027,"comment_status":"open","ping_status":"closed","template":"","meta":[],"product_brand":[],"product_cat":[69,74],"product_tag":[],"class_list":{"0":"post-1026","1":"product","2":"type-product","3":"status-publish","4":"has-post-thumbnail","6":"product_cat-akcesoria","7":"product_cat-czapki-i-kapelusze","9":"first","10":"outofstock","11":"shipping-taxable","12":"purchasable","13":"product-type-simple"},"_links":{"self":[{"href":"https:\/\/outletdorota.pl\/index.php\/wp-json\/wp\/v2\/product\/1026","targetHints":{"allow":["GET"]}}],"collection":[{"href":"https:\/\/outletdorota.pl\/index.php\/wp-json\/wp\/v2\/product"}],"about":[{"href":"https:\/\/outletdorota.pl\/index.php\/wp-json\/wp\/v2\/types\/product"}],"replies":[{"embeddable":true,"href":"https:\/\/outletdorota.pl\/index.php\/wp-json\/wp\/v2\/comments?post=1026"}],"wp:featuredmedia":[{"embeddable":true,"href":"https:\/\/outletdorota.pl\/index.php\/wp-json\/wp\/v2\/media\/1027"}],"wp:attachment":[{"href":"https:\/\/outletdorota.pl\/index.php\/wp-json\/wp\/v2\/media?parent=1026"}],"wp:term":[{"taxonomy":"product_brand","embeddable":true,"href":"https:\/\/outletdorota.pl\/index.php\/wp-json\/wp\/v2\/product_brand?post=1026"},{"taxonomy":"product_cat","embeddable":true,"href":"https:\/\/outletdorota.pl\/index.php\/wp-json\/wp\/v2\/product_cat?post=1026"},{"taxonomy":"product_tag","embeddable":true,"href":"https:\/\/outletdorota.pl\/index.php\/wp-json\/wp\/v2\/product_tag?post=1026"}],"curies":[{"name":"wp","href":"https:\/\/api.w.org\/{rel}","templated":true}]}}