{"id":1052,"date":"2026-04-08T10:23:52","date_gmt":"2026-04-08T10:23:52","guid":{"rendered":"https:\/\/outletdorota.pl\/?post_type=product&#038;p=1052"},"modified":"2026-04-08T10:23:52","modified_gmt":"2026-04-08T10:23:52","slug":"sukienka-ca","status":"publish","type":"product","link":"https:\/\/outletdorota.pl\/index.php\/produkt\/sukienka-ca\/","title":{"rendered":"Sukienka C&#038;A"},"content":{"rendered":"<p>rozmiar: L\/ ma\u0142a XL<\/p>\n<p>kolor: bia\u0142y, granatowy<\/p>\n<p>materia\u0142: 100% viskoza<\/p>\n<p>wymiary: szeroko\u015b\u0107 od pachy do pachy: 53 cm<\/p>\n<p>d\u0142ugo\u015b\u0107: 128 cm<\/p>\n<p>na dole rozci\u0119cia po bokach: 25cm<\/p>\n<p>ma kieszenie i w talii jest na gumce<\/p>\n","protected":false},"excerpt":{"rendered":"<p>rozmiar: L\/ ma\u0142a XL kolor: bia\u0142y, granatowy materia\u0142: 100% viskoza  [&#8230;]<\/p>\n","protected":false},"featured_media":1055,"comment_status":"open","ping_status":"closed","template":"","meta":[],"product_brand":[],"product_cat":[30,27,43],"product_tag":[],"class_list":{"0":"post-1052","1":"product","2":"type-product","3":"status-publish","4":"has-post-thumbnail","6":"product_cat-damska","7":"product_cat-odziez","8":"product_cat-sukienki","10":"first","11":"instock","12":"shipping-taxable","13":"purchasable","14":"product-type-simple"},"_links":{"self":[{"href":"https:\/\/outletdorota.pl\/index.php\/wp-json\/wp\/v2\/product\/1052","targetHints":{"allow":["GET"]}}],"collection":[{"href":"https:\/\/outletdorota.pl\/index.php\/wp-json\/wp\/v2\/product"}],"about":[{"href":"https:\/\/outletdorota.pl\/index.php\/wp-json\/wp\/v2\/types\/product"}],"replies":[{"embeddable":true,"href":"https:\/\/outletdorota.pl\/index.php\/wp-json\/wp\/v2\/comments?post=1052"}],"wp:featuredmedia":[{"embeddable":true,"href":"https:\/\/outletdorota.pl\/index.php\/wp-json\/wp\/v2\/media\/1055"}],"wp:attachment":[{"href":"https:\/\/outletdorota.pl\/index.php\/wp-json\/wp\/v2\/media?parent=1052"}],"wp:term":[{"taxonomy":"product_brand","embeddable":true,"href":"https:\/\/outletdorota.pl\/index.php\/wp-json\/wp\/v2\/product_brand?post=1052"},{"taxonomy":"product_cat","embeddable":true,"href":"https:\/\/outletdorota.pl\/index.php\/wp-json\/wp\/v2\/product_cat?post=1052"},{"taxonomy":"product_tag","embeddable":true,"href":"https:\/\/outletdorota.pl\/index.php\/wp-json\/wp\/v2\/product_tag?post=1052"}],"curies":[{"name":"wp","href":"https:\/\/api.w.org\/{rel}","templated":true}]}}