{"id":163,"date":"2026-02-10T23:08:49","date_gmt":"2026-02-10T23:08:49","guid":{"rendered":"https:\/\/outletdorota.pl\/index.php\/produkt\/bluza-puma-damska-84707318\/"},"modified":"2026-03-11T13:06:05","modified_gmt":"2026-03-11T13:06:05","slug":"bluza-puma-damska-84707318","status":"publish","type":"product","link":"https:\/\/outletdorota.pl\/index.php\/produkt\/bluza-puma-damska-84707318\/","title":{"rendered":"Bluza Puma damska 84707318"},"content":{"rendered":"<p>Damska bluza z kapturem Puma w kolorze szarym\/r\u00f3\u017cowym. Seria: 84707318. Materia\u0142: bawe\u0142na. Rozmiar S\/M, nowa z metk\u0105.<\/p>\n","protected":false},"excerpt":{"rendered":"<p>Damska bluza z kapturem Puma w kolorze szarym\/r\u00f3\u017cowym. Seria: 84707318.  [&#8230;]<\/p>\n","protected":false},"featured_media":312,"comment_status":"open","ping_status":"closed","template":"","meta":[],"product_brand":[],"product_cat":[30,27],"product_tag":[],"class_list":{"0":"post-163","1":"product","2":"type-product","3":"status-publish","4":"has-post-thumbnail","6":"product_cat-damska","7":"product_cat-odziez","9":"first","10":"outofstock","11":"shipping-taxable","12":"purchasable","13":"product-type-simple"},"_links":{"self":[{"href":"https:\/\/outletdorota.pl\/index.php\/wp-json\/wp\/v2\/product\/163","targetHints":{"allow":["GET"]}}],"collection":[{"href":"https:\/\/outletdorota.pl\/index.php\/wp-json\/wp\/v2\/product"}],"about":[{"href":"https:\/\/outletdorota.pl\/index.php\/wp-json\/wp\/v2\/types\/product"}],"replies":[{"embeddable":true,"href":"https:\/\/outletdorota.pl\/index.php\/wp-json\/wp\/v2\/comments?post=163"}],"wp:featuredmedia":[{"embeddable":true,"href":"https:\/\/outletdorota.pl\/index.php\/wp-json\/wp\/v2\/media\/312"}],"wp:attachment":[{"href":"https:\/\/outletdorota.pl\/index.php\/wp-json\/wp\/v2\/media?parent=163"}],"wp:term":[{"taxonomy":"product_brand","embeddable":true,"href":"https:\/\/outletdorota.pl\/index.php\/wp-json\/wp\/v2\/product_brand?post=163"},{"taxonomy":"product_cat","embeddable":true,"href":"https:\/\/outletdorota.pl\/index.php\/wp-json\/wp\/v2\/product_cat?post=163"},{"taxonomy":"product_tag","embeddable":true,"href":"https:\/\/outletdorota.pl\/index.php\/wp-json\/wp\/v2\/product_tag?post=163"}],"curies":[{"name":"wp","href":"https:\/\/api.w.org\/{rel}","templated":true}]}}