{"id":340,"date":"2026-02-11T12:03:05","date_gmt":"2026-02-11T12:03:05","guid":{"rendered":"https:\/\/outletdorota.pl\/index.php\/produkt\/koszulka-puma-mapf1-mt7-53845901\/"},"modified":"2026-02-20T07:47:54","modified_gmt":"2026-02-20T07:47:54","slug":"koszulka-puma-mapf1-mt7-53845901","status":"publish","type":"product","link":"https:\/\/outletdorota.pl\/index.php\/produkt\/koszulka-puma-mapf1-mt7-53845901\/","title":{"rendered":"Koszulka Puma MAPF1 MT7 53845901"},"content":{"rendered":"<p>M\u0119ska koszulka Puma MAPF1 MT7 w kolorze czarnym. Symbol: 53845901. Seria Motorsport, materia\u0142: bawe\u0142na. Rozmiar S\/M, nowa z metk\u0105.<\/p>\n","protected":false},"excerpt":{"rendered":"<p>M\u0119ska koszulka Puma MAPF1 MT7 w kolorze czarnym. Symbol: 53845901.  [&#8230;]<\/p>\n","protected":false},"featured_media":0,"comment_status":"open","ping_status":"closed","template":"","meta":[],"product_brand":[],"product_cat":[34,29,27],"product_tag":[],"class_list":{"0":"post-340","1":"product","2":"type-product","3":"status-publish","5":"product_cat-koszulki-i-t-shirty","6":"product_cat-meska","7":"product_cat-odziez","9":"first","10":"outofstock","11":"shipping-taxable","12":"purchasable","13":"product-type-simple"},"_links":{"self":[{"href":"https:\/\/outletdorota.pl\/index.php\/wp-json\/wp\/v2\/product\/340","targetHints":{"allow":["GET"]}}],"collection":[{"href":"https:\/\/outletdorota.pl\/index.php\/wp-json\/wp\/v2\/product"}],"about":[{"href":"https:\/\/outletdorota.pl\/index.php\/wp-json\/wp\/v2\/types\/product"}],"replies":[{"embeddable":true,"href":"https:\/\/outletdorota.pl\/index.php\/wp-json\/wp\/v2\/comments?post=340"}],"wp:attachment":[{"href":"https:\/\/outletdorota.pl\/index.php\/wp-json\/wp\/v2\/media?parent=340"}],"wp:term":[{"taxonomy":"product_brand","embeddable":true,"href":"https:\/\/outletdorota.pl\/index.php\/wp-json\/wp\/v2\/product_brand?post=340"},{"taxonomy":"product_cat","embeddable":true,"href":"https:\/\/outletdorota.pl\/index.php\/wp-json\/wp\/v2\/product_cat?post=340"},{"taxonomy":"product_tag","embeddable":true,"href":"https:\/\/outletdorota.pl\/index.php\/wp-json\/wp\/v2\/product_tag?post=340"}],"curies":[{"name":"wp","href":"https:\/\/api.w.org\/{rel}","templated":true}]}}