{"id":344,"date":"2026-02-11T12:10:29","date_gmt":"2026-02-11T12:10:29","guid":{"rendered":"https:\/\/outletdorota.pl\/index.php\/produkt\/tommy-jeans-t-shirt\/"},"modified":"2026-02-20T07:47:54","modified_gmt":"2026-02-20T07:47:54","slug":"tommy-jeans-t-shirt","status":"publish","type":"product","link":"https:\/\/outletdorota.pl\/index.php\/produkt\/tommy-jeans-t-shirt\/","title":{"rendered":"Tommy Jeans T-shirt"},"content":{"rendered":"<p>T-shirt Tommy Jeans w kolorze niebieskim. Materia\u0142: bawe\u0142na. Rozmiar L, nowa z metk\u0105.<\/p>\n","protected":false},"excerpt":{"rendered":"<p>T-shirt Tommy Jeans w kolorze niebieskim. Materia\u0142: bawe\u0142na. Rozmiar L,  [&#8230;]<\/p>\n","protected":false},"featured_media":249,"comment_status":"open","ping_status":"closed","template":"","meta":[],"product_brand":[],"product_cat":[34,29,27],"product_tag":[],"class_list":{"0":"post-344","1":"product","2":"type-product","3":"status-publish","4":"has-post-thumbnail","6":"product_cat-koszulki-i-t-shirty","7":"product_cat-meska","8":"product_cat-odziez","10":"first","11":"outofstock","12":"shipping-taxable","13":"purchasable","14":"product-type-simple"},"_links":{"self":[{"href":"https:\/\/outletdorota.pl\/index.php\/wp-json\/wp\/v2\/product\/344","targetHints":{"allow":["GET"]}}],"collection":[{"href":"https:\/\/outletdorota.pl\/index.php\/wp-json\/wp\/v2\/product"}],"about":[{"href":"https:\/\/outletdorota.pl\/index.php\/wp-json\/wp\/v2\/types\/product"}],"replies":[{"embeddable":true,"href":"https:\/\/outletdorota.pl\/index.php\/wp-json\/wp\/v2\/comments?post=344"}],"wp:featuredmedia":[{"embeddable":true,"href":"https:\/\/outletdorota.pl\/index.php\/wp-json\/wp\/v2\/media\/249"}],"wp:attachment":[{"href":"https:\/\/outletdorota.pl\/index.php\/wp-json\/wp\/v2\/media?parent=344"}],"wp:term":[{"taxonomy":"product_brand","embeddable":true,"href":"https:\/\/outletdorota.pl\/index.php\/wp-json\/wp\/v2\/product_brand?post=344"},{"taxonomy":"product_cat","embeddable":true,"href":"https:\/\/outletdorota.pl\/index.php\/wp-json\/wp\/v2\/product_cat?post=344"},{"taxonomy":"product_tag","embeddable":true,"href":"https:\/\/outletdorota.pl\/index.php\/wp-json\/wp\/v2\/product_tag?post=344"}],"curies":[{"name":"wp","href":"https:\/\/api.w.org\/{rel}","templated":true}]}}