{"id":347,"date":"2026-02-11T12:13:55","date_gmt":"2026-02-11T12:13:55","guid":{"rendered":"https:\/\/outletdorota.pl\/index.php\/produkt\/koszulka-damska-sunshine\/"},"modified":"2026-02-19T13:15:22","modified_gmt":"2026-02-19T13:15:22","slug":"koszulka-damska-sunshine","status":"publish","type":"product","link":"https:\/\/outletdorota.pl\/index.php\/produkt\/koszulka-damska-sunshine\/","title":{"rendered":"Koszulka damska Sunshine"},"content":{"rendered":"<p>Damska koszulka Sunshine w kolorze bia\u0142ym. Materia\u0142: bawe\u0142na. Rozmiar M\/38, nowa z metk\u0105.<\/p>\n<p>szeroko\u015b\u0107 od pachy do pachy 50cm<\/p>\n<p>d\u0142ugo\u015b\u0107 65cm<\/p>\n","protected":false},"excerpt":{"rendered":"<p>Damska koszulka Sunshine w kolorze bia\u0142ym. Materia\u0142: bawe\u0142na. Rozmiar M\/38,  [&#8230;]<\/p>\n","protected":false},"featured_media":246,"comment_status":"open","ping_status":"closed","template":"","meta":[],"product_brand":[],"product_cat":[42,30,27],"product_tag":[],"class_list":{"0":"post-347","1":"product","2":"type-product","3":"status-publish","4":"has-post-thumbnail","6":"product_cat-bluzki-i-topy","7":"product_cat-damska","8":"product_cat-odziez","10":"first","11":"instock","12":"shipping-taxable","13":"purchasable","14":"product-type-simple"},"_links":{"self":[{"href":"https:\/\/outletdorota.pl\/index.php\/wp-json\/wp\/v2\/product\/347","targetHints":{"allow":["GET"]}}],"collection":[{"href":"https:\/\/outletdorota.pl\/index.php\/wp-json\/wp\/v2\/product"}],"about":[{"href":"https:\/\/outletdorota.pl\/index.php\/wp-json\/wp\/v2\/types\/product"}],"replies":[{"embeddable":true,"href":"https:\/\/outletdorota.pl\/index.php\/wp-json\/wp\/v2\/comments?post=347"}],"wp:featuredmedia":[{"embeddable":true,"href":"https:\/\/outletdorota.pl\/index.php\/wp-json\/wp\/v2\/media\/246"}],"wp:attachment":[{"href":"https:\/\/outletdorota.pl\/index.php\/wp-json\/wp\/v2\/media?parent=347"}],"wp:term":[{"taxonomy":"product_brand","embeddable":true,"href":"https:\/\/outletdorota.pl\/index.php\/wp-json\/wp\/v2\/product_brand?post=347"},{"taxonomy":"product_cat","embeddable":true,"href":"https:\/\/outletdorota.pl\/index.php\/wp-json\/wp\/v2\/product_cat?post=347"},{"taxonomy":"product_tag","embeddable":true,"href":"https:\/\/outletdorota.pl\/index.php\/wp-json\/wp\/v2\/product_tag?post=347"}],"curies":[{"name":"wp","href":"https:\/\/api.w.org\/{rel}","templated":true}]}}