{"id":349,"date":"2026-02-11T12:17:43","date_gmt":"2026-02-11T12:17:43","guid":{"rendered":"https:\/\/outletdorota.pl\/index.php\/produkt\/spodnie-dresowe-puma-intl-53157801\/"},"modified":"2026-02-11T12:19:13","modified_gmt":"2026-02-11T12:19:13","slug":"spodnie-dresowe-puma-intl-53157801","status":"publish","type":"product","link":"https:\/\/outletdorota.pl\/index.php\/produkt\/spodnie-dresowe-puma-intl-53157801\/","title":{"rendered":"Spodnie dresowe Puma INTL 53157801"},"content":{"rendered":"<p>M\u0119skie spodnie dresowe Puma INTL w kolorze czarnym. Symbol: 53157801. Styl casual, materia\u0142: bawe\u0142na. Rozmiar S, nowe z metk\u0105.<\/p>\n","protected":false},"excerpt":{"rendered":"<p>M\u0119skie spodnie dresowe Puma INTL w kolorze czarnym. Symbol: 53157801.  [&#8230;]<\/p>\n","protected":false},"featured_media":179,"comment_status":"open","ping_status":"closed","template":"","meta":[],"product_brand":[],"product_cat":[29,27,36],"product_tag":[],"class_list":{"0":"post-349","1":"product","2":"type-product","3":"status-publish","4":"has-post-thumbnail","6":"product_cat-meska","7":"product_cat-odziez","8":"product_cat-spodnie","10":"first","11":"instock","12":"shipping-taxable","13":"purchasable","14":"product-type-simple"},"_links":{"self":[{"href":"https:\/\/outletdorota.pl\/index.php\/wp-json\/wp\/v2\/product\/349","targetHints":{"allow":["GET"]}}],"collection":[{"href":"https:\/\/outletdorota.pl\/index.php\/wp-json\/wp\/v2\/product"}],"about":[{"href":"https:\/\/outletdorota.pl\/index.php\/wp-json\/wp\/v2\/types\/product"}],"replies":[{"embeddable":true,"href":"https:\/\/outletdorota.pl\/index.php\/wp-json\/wp\/v2\/comments?post=349"}],"wp:featuredmedia":[{"embeddable":true,"href":"https:\/\/outletdorota.pl\/index.php\/wp-json\/wp\/v2\/media\/179"}],"wp:attachment":[{"href":"https:\/\/outletdorota.pl\/index.php\/wp-json\/wp\/v2\/media?parent=349"}],"wp:term":[{"taxonomy":"product_brand","embeddable":true,"href":"https:\/\/outletdorota.pl\/index.php\/wp-json\/wp\/v2\/product_brand?post=349"},{"taxonomy":"product_cat","embeddable":true,"href":"https:\/\/outletdorota.pl\/index.php\/wp-json\/wp\/v2\/product_cat?post=349"},{"taxonomy":"product_tag","embeddable":true,"href":"https:\/\/outletdorota.pl\/index.php\/wp-json\/wp\/v2\/product_tag?post=349"}],"curies":[{"name":"wp","href":"https:\/\/api.w.org\/{rel}","templated":true}]}}