{"id":355,"date":"2026-02-11T12:27:28","date_gmt":"2026-02-11T12:27:28","guid":{"rendered":"https:\/\/outletdorota.pl\/index.php\/produkt\/spodnie-dresowe-puma-mercedes-mapf1-53187901\/"},"modified":"2026-02-19T14:42:03","modified_gmt":"2026-02-19T14:42:03","slug":"spodnie-dresowe-puma-mercedes-mapf1-53187901","status":"publish","type":"product","link":"https:\/\/outletdorota.pl\/index.php\/produkt\/spodnie-dresowe-puma-mercedes-mapf1-53187901\/","title":{"rendered":"Spodnie dresowe Puma Mercedes AMG MAPF1 53187901"},"content":{"rendered":"<p>M\u0119skie spodnie dresowe Puma Motorsport Mercedes MAPF1 w kolorze czarnym. Symbol: 53187901. Styl casual, materia\u0142: poliester. Rozmiar S\/M, nowe z metk\u0105.<\/p>\n<p>Szeroko\u015b\u0107 w pasie:\u00a0 40cm<\/p>\n<p>D\u0142ugo\u015b\u0107: 105cm<\/p>\n","protected":false},"excerpt":{"rendered":"<p>M\u0119skie spodnie dresowe Puma Motorsport Mercedes MAPF1 w kolorze czarnym.  [&#8230;]<\/p>\n","protected":false},"featured_media":188,"comment_status":"open","ping_status":"closed","template":"","meta":[],"product_brand":[],"product_cat":[29,27,36],"product_tag":[],"class_list":{"0":"post-355","1":"product","2":"type-product","3":"status-publish","4":"has-post-thumbnail","6":"product_cat-meska","7":"product_cat-odziez","8":"product_cat-spodnie","10":"first","11":"instock","12":"sale","13":"shipping-taxable","14":"purchasable","15":"product-type-simple"},"_links":{"self":[{"href":"https:\/\/outletdorota.pl\/index.php\/wp-json\/wp\/v2\/product\/355","targetHints":{"allow":["GET"]}}],"collection":[{"href":"https:\/\/outletdorota.pl\/index.php\/wp-json\/wp\/v2\/product"}],"about":[{"href":"https:\/\/outletdorota.pl\/index.php\/wp-json\/wp\/v2\/types\/product"}],"replies":[{"embeddable":true,"href":"https:\/\/outletdorota.pl\/index.php\/wp-json\/wp\/v2\/comments?post=355"}],"wp:featuredmedia":[{"embeddable":true,"href":"https:\/\/outletdorota.pl\/index.php\/wp-json\/wp\/v2\/media\/188"}],"wp:attachment":[{"href":"https:\/\/outletdorota.pl\/index.php\/wp-json\/wp\/v2\/media?parent=355"}],"wp:term":[{"taxonomy":"product_brand","embeddable":true,"href":"https:\/\/outletdorota.pl\/index.php\/wp-json\/wp\/v2\/product_brand?post=355"},{"taxonomy":"product_cat","embeddable":true,"href":"https:\/\/outletdorota.pl\/index.php\/wp-json\/wp\/v2\/product_cat?post=355"},{"taxonomy":"product_tag","embeddable":true,"href":"https:\/\/outletdorota.pl\/index.php\/wp-json\/wp\/v2\/product_tag?post=355"}],"curies":[{"name":"wp","href":"https:\/\/api.w.org\/{rel}","templated":true}]}}