{"id":413,"date":"2026-02-15T17:04:36","date_gmt":"2026-02-15T17:04:36","guid":{"rendered":"https:\/\/outletdorota.pl\/index.php\/produkt\/biustonosz-hunkemoller-z-fiszbinami\/"},"modified":"2026-02-23T17:55:20","modified_gmt":"2026-02-23T17:55:20","slug":"biustonosz-hunkemoller-z-fiszbinami","status":"publish","type":"product","link":"https:\/\/outletdorota.pl\/index.php\/produkt\/biustonosz-hunkemoller-z-fiszbinami\/","title":{"rendered":"Biustonosz Hunkem\u00f6ller z fiszbinami"},"content":{"rendered":"<p>Biustonosz Hunkem\u00f6ller z fiszbinami w kolorze czarnym. Materia\u0142: poliamid. Rozmiar 75D, nowy z metk\u0105.<\/p>\n","protected":false},"excerpt":{"rendered":"<p>Biustonosz Hunkem\u00f6ller z fiszbinami w kolorze czarnym. Materia\u0142: poliamid. Rozmiar  [&#8230;]<\/p>\n","protected":false},"featured_media":240,"comment_status":"open","ping_status":"closed","template":"","meta":[],"product_brand":[],"product_cat":[46,30,27],"product_tag":[],"class_list":{"0":"post-413","1":"product","2":"type-product","3":"status-publish","4":"has-post-thumbnail","6":"product_cat-bielizna-damska","7":"product_cat-damska","8":"product_cat-odziez","10":"first","11":"outofstock","12":"shipping-taxable","13":"purchasable","14":"product-type-simple"},"_links":{"self":[{"href":"https:\/\/outletdorota.pl\/index.php\/wp-json\/wp\/v2\/product\/413","targetHints":{"allow":["GET"]}}],"collection":[{"href":"https:\/\/outletdorota.pl\/index.php\/wp-json\/wp\/v2\/product"}],"about":[{"href":"https:\/\/outletdorota.pl\/index.php\/wp-json\/wp\/v2\/types\/product"}],"replies":[{"embeddable":true,"href":"https:\/\/outletdorota.pl\/index.php\/wp-json\/wp\/v2\/comments?post=413"}],"wp:featuredmedia":[{"embeddable":true,"href":"https:\/\/outletdorota.pl\/index.php\/wp-json\/wp\/v2\/media\/240"}],"wp:attachment":[{"href":"https:\/\/outletdorota.pl\/index.php\/wp-json\/wp\/v2\/media?parent=413"}],"wp:term":[{"taxonomy":"product_brand","embeddable":true,"href":"https:\/\/outletdorota.pl\/index.php\/wp-json\/wp\/v2\/product_brand?post=413"},{"taxonomy":"product_cat","embeddable":true,"href":"https:\/\/outletdorota.pl\/index.php\/wp-json\/wp\/v2\/product_cat?post=413"},{"taxonomy":"product_tag","embeddable":true,"href":"https:\/\/outletdorota.pl\/index.php\/wp-json\/wp\/v2\/product_tag?post=413"}],"curies":[{"name":"wp","href":"https:\/\/api.w.org\/{rel}","templated":true}]}}