{"id":501,"date":"2026-02-19T13:59:30","date_gmt":"2026-02-19T13:59:30","guid":{"rendered":"https:\/\/outletdorota.pl\/?post_type=product&#038;p=501"},"modified":"2026-03-17T09:37:57","modified_gmt":"2026-03-17T09:37:57","slug":"buty-adidas","status":"publish","type":"product","link":"https:\/\/outletdorota.pl\/index.php\/produkt\/buty-adidas\/","title":{"rendered":"Buty Adidas"},"content":{"rendered":"<p>Buty Adidas be\u017cowe<\/p>\n<p>Rozmiar: 42<\/p>\n<p>D\u0142ugo\u015b\u0107 wk\u0142adki: 26,5cm<\/p>\n","protected":false},"excerpt":{"rendered":"<p>Buty Adidas be\u017cowe Rozmiar: 42 D\u0142ugo\u015b\u0107 wk\u0142adki: 26,5cm<\/p>\n","protected":false},"featured_media":502,"comment_status":"open","ping_status":"closed","template":"","meta":[],"product_brand":[],"product_cat":[50,52],"product_tag":[],"class_list":{"0":"post-501","1":"product","2":"type-product","3":"status-publish","4":"has-post-thumbnail","6":"product_cat-meskie","7":"product_cat-sneakersy-i-sportowe","9":"first","10":"outofstock","11":"shipping-taxable","12":"purchasable","13":"product-type-simple"},"_links":{"self":[{"href":"https:\/\/outletdorota.pl\/index.php\/wp-json\/wp\/v2\/product\/501","targetHints":{"allow":["GET"]}}],"collection":[{"href":"https:\/\/outletdorota.pl\/index.php\/wp-json\/wp\/v2\/product"}],"about":[{"href":"https:\/\/outletdorota.pl\/index.php\/wp-json\/wp\/v2\/types\/product"}],"replies":[{"embeddable":true,"href":"https:\/\/outletdorota.pl\/index.php\/wp-json\/wp\/v2\/comments?post=501"}],"wp:featuredmedia":[{"embeddable":true,"href":"https:\/\/outletdorota.pl\/index.php\/wp-json\/wp\/v2\/media\/502"}],"wp:attachment":[{"href":"https:\/\/outletdorota.pl\/index.php\/wp-json\/wp\/v2\/media?parent=501"}],"wp:term":[{"taxonomy":"product_brand","embeddable":true,"href":"https:\/\/outletdorota.pl\/index.php\/wp-json\/wp\/v2\/product_brand?post=501"},{"taxonomy":"product_cat","embeddable":true,"href":"https:\/\/outletdorota.pl\/index.php\/wp-json\/wp\/v2\/product_cat?post=501"},{"taxonomy":"product_tag","embeddable":true,"href":"https:\/\/outletdorota.pl\/index.php\/wp-json\/wp\/v2\/product_tag?post=501"}],"curies":[{"name":"wp","href":"https:\/\/api.w.org\/{rel}","templated":true}]}}