{"id":526,"date":"2026-02-19T15:24:06","date_gmt":"2026-02-19T15:24:06","guid":{"rendered":"https:\/\/outletdorota.pl\/?post_type=product&#038;p=526"},"modified":"2026-02-20T11:12:32","modified_gmt":"2026-02-20T11:12:32","slug":"koszulka-pier-one","status":"publish","type":"product","link":"https:\/\/outletdorota.pl\/index.php\/produkt\/koszulka-pier-one\/","title":{"rendered":"Koszulka Pier One"},"content":{"rendered":"<p>Rozmiar: M<\/p>\n<p>kolor: czarny<\/p>\n<p>sk\u0142ad: 70% bawe\u0142na, 30% bawe\u0142na (recykling)<\/p>\n<p>szeroko\u015b\u0107 od pachy do pachy: 60 cm<\/p>\n<p>d\u0142ugo\u015b\u0107: 80cm<\/p>\n<p>&nbsp;<\/p>\n","protected":false},"excerpt":{"rendered":"<p>Rozmiar: M kolor: czarny sk\u0142ad: 70% bawe\u0142na, 30% bawe\u0142na (recykling)  [&#8230;]<\/p>\n","protected":false},"featured_media":527,"comment_status":"open","ping_status":"closed","template":"","meta":[],"product_brand":[],"product_cat":[34,29,27],"product_tag":[],"class_list":{"0":"post-526","1":"product","2":"type-product","3":"status-publish","4":"has-post-thumbnail","6":"product_cat-koszulki-i-t-shirty","7":"product_cat-meska","8":"product_cat-odziez","10":"first","11":"instock","12":"shipping-taxable","13":"purchasable","14":"product-type-simple"},"_links":{"self":[{"href":"https:\/\/outletdorota.pl\/index.php\/wp-json\/wp\/v2\/product\/526","targetHints":{"allow":["GET"]}}],"collection":[{"href":"https:\/\/outletdorota.pl\/index.php\/wp-json\/wp\/v2\/product"}],"about":[{"href":"https:\/\/outletdorota.pl\/index.php\/wp-json\/wp\/v2\/types\/product"}],"replies":[{"embeddable":true,"href":"https:\/\/outletdorota.pl\/index.php\/wp-json\/wp\/v2\/comments?post=526"}],"wp:featuredmedia":[{"embeddable":true,"href":"https:\/\/outletdorota.pl\/index.php\/wp-json\/wp\/v2\/media\/527"}],"wp:attachment":[{"href":"https:\/\/outletdorota.pl\/index.php\/wp-json\/wp\/v2\/media?parent=526"}],"wp:term":[{"taxonomy":"product_brand","embeddable":true,"href":"https:\/\/outletdorota.pl\/index.php\/wp-json\/wp\/v2\/product_brand?post=526"},{"taxonomy":"product_cat","embeddable":true,"href":"https:\/\/outletdorota.pl\/index.php\/wp-json\/wp\/v2\/product_cat?post=526"},{"taxonomy":"product_tag","embeddable":true,"href":"https:\/\/outletdorota.pl\/index.php\/wp-json\/wp\/v2\/product_tag?post=526"}],"curies":[{"name":"wp","href":"https:\/\/api.w.org\/{rel}","templated":true}]}}