{"id":544,"date":"2026-02-20T10:49:36","date_gmt":"2026-02-20T10:49:36","guid":{"rendered":"https:\/\/outletdorota.pl\/?post_type=product&#038;p=544"},"modified":"2026-02-20T10:49:36","modified_gmt":"2026-02-20T10:49:36","slug":"sukienka-love-moschino","status":"publish","type":"product","link":"https:\/\/outletdorota.pl\/index.php\/produkt\/sukienka-love-moschino\/","title":{"rendered":"Sukienka Love Moschino"},"content":{"rendered":"<p>rozmiar: S\/M<\/p>\n<p>kolor: czarny<\/p>\n<p>sk\u0142ad: 20% we\u0142na, 11% poliester, 31% akryl, 38% poliamid<\/p>\n<p>szeroko\u015b\u0107 od pachy do pachy: 45cm<\/p>\n<p>d\u0142ugo\u015b\u0107: 90cm<\/p>\n","protected":false},"excerpt":{"rendered":"<p>rozmiar: S\/M kolor: czarny sk\u0142ad: 20% we\u0142na, 11% poliester, 31%  [&#8230;]<\/p>\n","protected":false},"featured_media":545,"comment_status":"open","ping_status":"closed","template":"","meta":[],"product_brand":[],"product_cat":[30,27,43],"product_tag":[],"class_list":{"0":"post-544","1":"product","2":"type-product","3":"status-publish","4":"has-post-thumbnail","6":"product_cat-damska","7":"product_cat-odziez","8":"product_cat-sukienki","10":"first","11":"instock","12":"shipping-taxable","13":"purchasable","14":"product-type-simple"},"_links":{"self":[{"href":"https:\/\/outletdorota.pl\/index.php\/wp-json\/wp\/v2\/product\/544","targetHints":{"allow":["GET"]}}],"collection":[{"href":"https:\/\/outletdorota.pl\/index.php\/wp-json\/wp\/v2\/product"}],"about":[{"href":"https:\/\/outletdorota.pl\/index.php\/wp-json\/wp\/v2\/types\/product"}],"replies":[{"embeddable":true,"href":"https:\/\/outletdorota.pl\/index.php\/wp-json\/wp\/v2\/comments?post=544"}],"wp:featuredmedia":[{"embeddable":true,"href":"https:\/\/outletdorota.pl\/index.php\/wp-json\/wp\/v2\/media\/545"}],"wp:attachment":[{"href":"https:\/\/outletdorota.pl\/index.php\/wp-json\/wp\/v2\/media?parent=544"}],"wp:term":[{"taxonomy":"product_brand","embeddable":true,"href":"https:\/\/outletdorota.pl\/index.php\/wp-json\/wp\/v2\/product_brand?post=544"},{"taxonomy":"product_cat","embeddable":true,"href":"https:\/\/outletdorota.pl\/index.php\/wp-json\/wp\/v2\/product_cat?post=544"},{"taxonomy":"product_tag","embeddable":true,"href":"https:\/\/outletdorota.pl\/index.php\/wp-json\/wp\/v2\/product_tag?post=544"}],"curies":[{"name":"wp","href":"https:\/\/api.w.org\/{rel}","templated":true}]}}