{"id":557,"date":"2026-02-20T11:46:43","date_gmt":"2026-02-20T11:46:43","guid":{"rendered":"https:\/\/outletdorota.pl\/?post_type=product&#038;p=557"},"modified":"2026-02-20T11:59:25","modified_gmt":"2026-02-20T11:59:25","slug":"sukienka-comma","status":"publish","type":"product","link":"https:\/\/outletdorota.pl\/index.php\/produkt\/sukienka-comma\/","title":{"rendered":"Sukienka comma"},"content":{"rendered":"<p>rozmiar: S\/M<\/p>\n<p>materia\u0142: 97% bawe\u0142na<\/p>\n<p>szeroko\u015b\u0107 w ramionach: 42cm<\/p>\n<p>szeroko\u015b\u0107 od pachy do pachy: 45-50cm<\/p>\n<p>szeroko\u015b\u0107 w talii: 38cm<\/p>\n<p>d\u0142ugo\u015b\u0107: 97cm<\/p>\n<p>na plecach suwak o d\u0142ugo\u015bci 55cm<\/p>\n<p>&nbsp;<\/p>\n","protected":false},"excerpt":{"rendered":"<p>rozmiar: S\/M materia\u0142: 97% bawe\u0142na szeroko\u015b\u0107 w ramionach: 42cm szeroko\u015b\u0107  [&#8230;]<\/p>\n","protected":false},"featured_media":558,"comment_status":"open","ping_status":"closed","template":"","meta":[],"product_brand":[],"product_cat":[30,27,43],"product_tag":[],"class_list":{"0":"post-557","1":"product","2":"type-product","3":"status-publish","4":"has-post-thumbnail","6":"product_cat-damska","7":"product_cat-odziez","8":"product_cat-sukienki","10":"first","11":"instock","12":"shipping-taxable","13":"purchasable","14":"product-type-simple"},"_links":{"self":[{"href":"https:\/\/outletdorota.pl\/index.php\/wp-json\/wp\/v2\/product\/557","targetHints":{"allow":["GET"]}}],"collection":[{"href":"https:\/\/outletdorota.pl\/index.php\/wp-json\/wp\/v2\/product"}],"about":[{"href":"https:\/\/outletdorota.pl\/index.php\/wp-json\/wp\/v2\/types\/product"}],"replies":[{"embeddable":true,"href":"https:\/\/outletdorota.pl\/index.php\/wp-json\/wp\/v2\/comments?post=557"}],"wp:featuredmedia":[{"embeddable":true,"href":"https:\/\/outletdorota.pl\/index.php\/wp-json\/wp\/v2\/media\/558"}],"wp:attachment":[{"href":"https:\/\/outletdorota.pl\/index.php\/wp-json\/wp\/v2\/media?parent=557"}],"wp:term":[{"taxonomy":"product_brand","embeddable":true,"href":"https:\/\/outletdorota.pl\/index.php\/wp-json\/wp\/v2\/product_brand?post=557"},{"taxonomy":"product_cat","embeddable":true,"href":"https:\/\/outletdorota.pl\/index.php\/wp-json\/wp\/v2\/product_cat?post=557"},{"taxonomy":"product_tag","embeddable":true,"href":"https:\/\/outletdorota.pl\/index.php\/wp-json\/wp\/v2\/product_tag?post=557"}],"curies":[{"name":"wp","href":"https:\/\/api.w.org\/{rel}","templated":true}]}}