{"id":566,"date":"2026-02-20T12:40:03","date_gmt":"2026-02-20T12:40:03","guid":{"rendered":"https:\/\/outletdorota.pl\/?post_type=product&#038;p=566"},"modified":"2026-02-20T12:40:03","modified_gmt":"2026-02-20T12:40:03","slug":"komplet-dresowy-bershka","status":"publish","type":"product","link":"https:\/\/outletdorota.pl\/index.php\/produkt\/komplet-dresowy-bershka\/","title":{"rendered":"Komplet dresowy Bershka"},"content":{"rendered":"<p>rozmiar: L\/XL<\/p>\n<p>kolor: be\u017cowy<\/p>\n<p>sk\u0142ad: 70% bawe\u0142na, 30% poliester<\/p>\n<p>szeroko\u015b\u0107 bluzy od pachy do pachy: 65cm<\/p>\n<p>d\u0142ugo\u015b\u0107 bluzy: 75cm<\/p>\n<p>szeroko\u015b\u0107 spodni w pasie na p\u0142asko 40cm<\/p>\n<p>d\u0142ugo\u015b\u0107 spodni 105cm<\/p>\n<p>nowy bez metki<\/p>\n<p>&nbsp;<\/p>\n","protected":false},"excerpt":{"rendered":"<p>rozmiar: L\/XL kolor: be\u017cowy sk\u0142ad: 70% bawe\u0142na, 30% poliester szeroko\u015b\u0107  [&#8230;]<\/p>\n","protected":false},"featured_media":567,"comment_status":"open","ping_status":"closed","template":"","meta":[],"product_brand":[],"product_cat":[29,39],"product_tag":[],"class_list":{"0":"post-566","1":"product","2":"type-product","3":"status-publish","4":"has-post-thumbnail","6":"product_cat-meska","7":"product_cat-odziez-sportowa","9":"first","10":"instock","11":"shipping-taxable","12":"purchasable","13":"product-type-simple"},"_links":{"self":[{"href":"https:\/\/outletdorota.pl\/index.php\/wp-json\/wp\/v2\/product\/566","targetHints":{"allow":["GET"]}}],"collection":[{"href":"https:\/\/outletdorota.pl\/index.php\/wp-json\/wp\/v2\/product"}],"about":[{"href":"https:\/\/outletdorota.pl\/index.php\/wp-json\/wp\/v2\/types\/product"}],"replies":[{"embeddable":true,"href":"https:\/\/outletdorota.pl\/index.php\/wp-json\/wp\/v2\/comments?post=566"}],"wp:featuredmedia":[{"embeddable":true,"href":"https:\/\/outletdorota.pl\/index.php\/wp-json\/wp\/v2\/media\/567"}],"wp:attachment":[{"href":"https:\/\/outletdorota.pl\/index.php\/wp-json\/wp\/v2\/media?parent=566"}],"wp:term":[{"taxonomy":"product_brand","embeddable":true,"href":"https:\/\/outletdorota.pl\/index.php\/wp-json\/wp\/v2\/product_brand?post=566"},{"taxonomy":"product_cat","embeddable":true,"href":"https:\/\/outletdorota.pl\/index.php\/wp-json\/wp\/v2\/product_cat?post=566"},{"taxonomy":"product_tag","embeddable":true,"href":"https:\/\/outletdorota.pl\/index.php\/wp-json\/wp\/v2\/product_tag?post=566"}],"curies":[{"name":"wp","href":"https:\/\/api.w.org\/{rel}","templated":true}]}}