{"id":570,"date":"2026-02-20T13:31:05","date_gmt":"2026-02-20T13:31:05","guid":{"rendered":"https:\/\/outletdorota.pl\/?post_type=product&#038;p=570"},"modified":"2026-03-27T13:44:07","modified_gmt":"2026-03-27T13:44:07","slug":"top-calvin-klein-jeans","status":"publish","type":"product","link":"https:\/\/outletdorota.pl\/index.php\/produkt\/top-calvin-klein-jeans\/","title":{"rendered":"Top Calvin Klein Jeans"},"content":{"rendered":"<p>rozmiar: L\/XL<\/p>\n<p>kolor: bia\u0142y<\/p>\n<p>sk\u0142ad: 77% poliester, 19% wiskoza, 4% elastan<\/p>\n<p>szeroko\u015b\u0107 od pachy do pachy: 52cm<\/p>\n<p>d\u0142ugo\u015b\u0107: 51cm<\/p>\n<p>&nbsp;<\/p>\n","protected":false},"excerpt":{"rendered":"<p>rozmiar: L\/XL kolor: bia\u0142y sk\u0142ad: 77% poliester, 19% wiskoza, 4%  [&#8230;]<\/p>\n","protected":false},"featured_media":571,"comment_status":"open","ping_status":"closed","template":"","meta":[],"product_brand":[],"product_cat":[42,30,27],"product_tag":[],"class_list":{"0":"post-570","1":"product","2":"type-product","3":"status-publish","4":"has-post-thumbnail","6":"product_cat-bluzki-i-topy","7":"product_cat-damska","8":"product_cat-odziez","10":"first","11":"outofstock","12":"shipping-taxable","13":"purchasable","14":"product-type-simple"},"_links":{"self":[{"href":"https:\/\/outletdorota.pl\/index.php\/wp-json\/wp\/v2\/product\/570","targetHints":{"allow":["GET"]}}],"collection":[{"href":"https:\/\/outletdorota.pl\/index.php\/wp-json\/wp\/v2\/product"}],"about":[{"href":"https:\/\/outletdorota.pl\/index.php\/wp-json\/wp\/v2\/types\/product"}],"replies":[{"embeddable":true,"href":"https:\/\/outletdorota.pl\/index.php\/wp-json\/wp\/v2\/comments?post=570"}],"wp:featuredmedia":[{"embeddable":true,"href":"https:\/\/outletdorota.pl\/index.php\/wp-json\/wp\/v2\/media\/571"}],"wp:attachment":[{"href":"https:\/\/outletdorota.pl\/index.php\/wp-json\/wp\/v2\/media?parent=570"}],"wp:term":[{"taxonomy":"product_brand","embeddable":true,"href":"https:\/\/outletdorota.pl\/index.php\/wp-json\/wp\/v2\/product_brand?post=570"},{"taxonomy":"product_cat","embeddable":true,"href":"https:\/\/outletdorota.pl\/index.php\/wp-json\/wp\/v2\/product_cat?post=570"},{"taxonomy":"product_tag","embeddable":true,"href":"https:\/\/outletdorota.pl\/index.php\/wp-json\/wp\/v2\/product_tag?post=570"}],"curies":[{"name":"wp","href":"https:\/\/api.w.org\/{rel}","templated":true}]}}