{"id":579,"date":"2026-02-20T14:27:11","date_gmt":"2026-02-20T14:27:11","guid":{"rendered":"https:\/\/outletdorota.pl\/?post_type=product&#038;p=579"},"modified":"2026-03-27T13:43:48","modified_gmt":"2026-03-27T13:43:48","slug":"top-vila","status":"publish","type":"product","link":"https:\/\/outletdorota.pl\/index.php\/produkt\/top-vila\/","title":{"rendered":"Top Vila"},"content":{"rendered":"<p>rozmiar: S<\/p>\n<p>kolor: pomara\u0144czowy<\/p>\n<p>sk\u0142ad: 95% poliester, 5% elastan<\/p>\n<p>szeroko\u015b\u0107 od pachy do pachy: 45cm<\/p>\n<p>d\u0142ugo\u015b\u0107: 50cm<\/p>\n<p>&nbsp;<\/p>\n","protected":false},"excerpt":{"rendered":"<p>rozmiar: S kolor: pomara\u0144czowy sk\u0142ad: 95% poliester, 5% elastan szeroko\u015b\u0107  [&#8230;]<\/p>\n","protected":false},"featured_media":615,"comment_status":"open","ping_status":"closed","template":"","meta":[],"product_brand":[],"product_cat":[42,30,27],"product_tag":[],"class_list":{"0":"post-579","1":"product","2":"type-product","3":"status-publish","4":"has-post-thumbnail","6":"product_cat-bluzki-i-topy","7":"product_cat-damska","8":"product_cat-odziez","10":"first","11":"outofstock","12":"shipping-taxable","13":"purchasable","14":"product-type-simple"},"_links":{"self":[{"href":"https:\/\/outletdorota.pl\/index.php\/wp-json\/wp\/v2\/product\/579","targetHints":{"allow":["GET"]}}],"collection":[{"href":"https:\/\/outletdorota.pl\/index.php\/wp-json\/wp\/v2\/product"}],"about":[{"href":"https:\/\/outletdorota.pl\/index.php\/wp-json\/wp\/v2\/types\/product"}],"replies":[{"embeddable":true,"href":"https:\/\/outletdorota.pl\/index.php\/wp-json\/wp\/v2\/comments?post=579"}],"wp:featuredmedia":[{"embeddable":true,"href":"https:\/\/outletdorota.pl\/index.php\/wp-json\/wp\/v2\/media\/615"}],"wp:attachment":[{"href":"https:\/\/outletdorota.pl\/index.php\/wp-json\/wp\/v2\/media?parent=579"}],"wp:term":[{"taxonomy":"product_brand","embeddable":true,"href":"https:\/\/outletdorota.pl\/index.php\/wp-json\/wp\/v2\/product_brand?post=579"},{"taxonomy":"product_cat","embeddable":true,"href":"https:\/\/outletdorota.pl\/index.php\/wp-json\/wp\/v2\/product_cat?post=579"},{"taxonomy":"product_tag","embeddable":true,"href":"https:\/\/outletdorota.pl\/index.php\/wp-json\/wp\/v2\/product_tag?post=579"}],"curies":[{"name":"wp","href":"https:\/\/api.w.org\/{rel}","templated":true}]}}