{"id":623,"date":"2026-02-21T10:21:26","date_gmt":"2026-02-21T10:21:26","guid":{"rendered":"https:\/\/outletdorota.pl\/?post_type=product&#038;p=623"},"modified":"2026-02-21T10:21:26","modified_gmt":"2026-02-21T10:21:26","slug":"buty-adidas-grand-court-base-2-0","status":"publish","type":"product","link":"https:\/\/outletdorota.pl\/index.php\/produkt\/buty-adidas-grand-court-base-2-0\/","title":{"rendered":"Buty Adidas Grand Court  Base 2.0"},"content":{"rendered":"<p>rozmiar: 47 1\/3<\/p>\n<p>d\u0142ugo\u015b\u0107 wk\u0142adki: 30,5 cm<\/p>\n<p>kolor: granatowy<\/p>\n","protected":false},"excerpt":{"rendered":"<p>rozmiar: 47 1\/3 d\u0142ugo\u015b\u0107 wk\u0142adki: 30,5 cm kolor: granatowy<\/p>\n","protected":false},"featured_media":624,"comment_status":"open","ping_status":"closed","template":"","meta":[],"product_brand":[],"product_cat":[50,28,52],"product_tag":[],"class_list":{"0":"post-623","1":"product","2":"type-product","3":"status-publish","4":"has-post-thumbnail","6":"product_cat-meskie","7":"product_cat-obuwie","8":"product_cat-sneakersy-i-sportowe","10":"first","11":"instock","12":"shipping-taxable","13":"purchasable","14":"product-type-simple"},"_links":{"self":[{"href":"https:\/\/outletdorota.pl\/index.php\/wp-json\/wp\/v2\/product\/623","targetHints":{"allow":["GET"]}}],"collection":[{"href":"https:\/\/outletdorota.pl\/index.php\/wp-json\/wp\/v2\/product"}],"about":[{"href":"https:\/\/outletdorota.pl\/index.php\/wp-json\/wp\/v2\/types\/product"}],"replies":[{"embeddable":true,"href":"https:\/\/outletdorota.pl\/index.php\/wp-json\/wp\/v2\/comments?post=623"}],"wp:featuredmedia":[{"embeddable":true,"href":"https:\/\/outletdorota.pl\/index.php\/wp-json\/wp\/v2\/media\/624"}],"wp:attachment":[{"href":"https:\/\/outletdorota.pl\/index.php\/wp-json\/wp\/v2\/media?parent=623"}],"wp:term":[{"taxonomy":"product_brand","embeddable":true,"href":"https:\/\/outletdorota.pl\/index.php\/wp-json\/wp\/v2\/product_brand?post=623"},{"taxonomy":"product_cat","embeddable":true,"href":"https:\/\/outletdorota.pl\/index.php\/wp-json\/wp\/v2\/product_cat?post=623"},{"taxonomy":"product_tag","embeddable":true,"href":"https:\/\/outletdorota.pl\/index.php\/wp-json\/wp\/v2\/product_tag?post=623"}],"curies":[{"name":"wp","href":"https:\/\/api.w.org\/{rel}","templated":true}]}}