{"id":641,"date":"2026-02-23T11:40:47","date_gmt":"2026-02-23T11:40:47","guid":{"rendered":"https:\/\/outletdorota.pl\/?post_type=product&#038;p=641"},"modified":"2026-02-23T11:40:47","modified_gmt":"2026-02-23T11:40:47","slug":"top-nike","status":"publish","type":"product","link":"https:\/\/outletdorota.pl\/index.php\/produkt\/top-nike\/","title":{"rendered":"Top Nike"},"content":{"rendered":"<p>Rozmiar: L<\/p>\n<p>kolor: czarny<\/p>\n<p>sk\u0142ad: 49% modal, 49% poliester, 2% elastan<\/p>\n<p>szeroko\u015b\u0107 od pachy do pachy: 50 cm,<\/p>\n<p>d\u0142ugo\u015b\u0107:50 cm<\/p>\n","protected":false},"excerpt":{"rendered":"<p>Rozmiar: L kolor: czarny sk\u0142ad: 49% modal, 49% poliester, 2%  [&#8230;]<\/p>\n","protected":false},"featured_media":642,"comment_status":"open","ping_status":"closed","template":"","meta":[],"product_brand":[],"product_cat":[42,30,27],"product_tag":[],"class_list":{"0":"post-641","1":"product","2":"type-product","3":"status-publish","4":"has-post-thumbnail","6":"product_cat-bluzki-i-topy","7":"product_cat-damska","8":"product_cat-odziez","10":"first","11":"instock","12":"shipping-taxable","13":"purchasable","14":"product-type-simple"},"_links":{"self":[{"href":"https:\/\/outletdorota.pl\/index.php\/wp-json\/wp\/v2\/product\/641","targetHints":{"allow":["GET"]}}],"collection":[{"href":"https:\/\/outletdorota.pl\/index.php\/wp-json\/wp\/v2\/product"}],"about":[{"href":"https:\/\/outletdorota.pl\/index.php\/wp-json\/wp\/v2\/types\/product"}],"replies":[{"embeddable":true,"href":"https:\/\/outletdorota.pl\/index.php\/wp-json\/wp\/v2\/comments?post=641"}],"wp:featuredmedia":[{"embeddable":true,"href":"https:\/\/outletdorota.pl\/index.php\/wp-json\/wp\/v2\/media\/642"}],"wp:attachment":[{"href":"https:\/\/outletdorota.pl\/index.php\/wp-json\/wp\/v2\/media?parent=641"}],"wp:term":[{"taxonomy":"product_brand","embeddable":true,"href":"https:\/\/outletdorota.pl\/index.php\/wp-json\/wp\/v2\/product_brand?post=641"},{"taxonomy":"product_cat","embeddable":true,"href":"https:\/\/outletdorota.pl\/index.php\/wp-json\/wp\/v2\/product_cat?post=641"},{"taxonomy":"product_tag","embeddable":true,"href":"https:\/\/outletdorota.pl\/index.php\/wp-json\/wp\/v2\/product_tag?post=641"}],"curies":[{"name":"wp","href":"https:\/\/api.w.org\/{rel}","templated":true}]}}