{"id":647,"date":"2026-02-23T12:23:43","date_gmt":"2026-02-23T12:23:43","guid":{"rendered":"https:\/\/outletdorota.pl\/?post_type=product&#038;p=647"},"modified":"2026-02-23T12:25:50","modified_gmt":"2026-02-23T12:25:50","slug":"top-pinko","status":"publish","type":"product","link":"https:\/\/outletdorota.pl\/index.php\/produkt\/top-pinko\/","title":{"rendered":"Top Pinko"},"content":{"rendered":"<p>rozmiar: S\/M<\/p>\n<p>kolor: r\u00f3\u017cowy<\/p>\n<p>materia\u0142: 100% bawe\u0142na<\/p>\n<p>szeroko\u015b\u0107 od pachy do pachy: 47 cm<\/p>\n<p>d\u0142ugo\u015b\u0107: 40 cm<\/p>\n","protected":false},"excerpt":{"rendered":"<p>rozmiar: S\/M kolor: r\u00f3\u017cowy materia\u0142: 100% bawe\u0142na szeroko\u015b\u0107 od pachy  [&#8230;]<\/p>\n","protected":false},"featured_media":648,"comment_status":"open","ping_status":"closed","template":"","meta":[],"product_brand":[],"product_cat":[42,30,27],"product_tag":[],"class_list":{"0":"post-647","1":"product","2":"type-product","3":"status-publish","4":"has-post-thumbnail","6":"product_cat-bluzki-i-topy","7":"product_cat-damska","8":"product_cat-odziez","10":"first","11":"instock","12":"shipping-taxable","13":"purchasable","14":"product-type-simple"},"_links":{"self":[{"href":"https:\/\/outletdorota.pl\/index.php\/wp-json\/wp\/v2\/product\/647","targetHints":{"allow":["GET"]}}],"collection":[{"href":"https:\/\/outletdorota.pl\/index.php\/wp-json\/wp\/v2\/product"}],"about":[{"href":"https:\/\/outletdorota.pl\/index.php\/wp-json\/wp\/v2\/types\/product"}],"replies":[{"embeddable":true,"href":"https:\/\/outletdorota.pl\/index.php\/wp-json\/wp\/v2\/comments?post=647"}],"wp:featuredmedia":[{"embeddable":true,"href":"https:\/\/outletdorota.pl\/index.php\/wp-json\/wp\/v2\/media\/648"}],"wp:attachment":[{"href":"https:\/\/outletdorota.pl\/index.php\/wp-json\/wp\/v2\/media?parent=647"}],"wp:term":[{"taxonomy":"product_brand","embeddable":true,"href":"https:\/\/outletdorota.pl\/index.php\/wp-json\/wp\/v2\/product_brand?post=647"},{"taxonomy":"product_cat","embeddable":true,"href":"https:\/\/outletdorota.pl\/index.php\/wp-json\/wp\/v2\/product_cat?post=647"},{"taxonomy":"product_tag","embeddable":true,"href":"https:\/\/outletdorota.pl\/index.php\/wp-json\/wp\/v2\/product_tag?post=647"}],"curies":[{"name":"wp","href":"https:\/\/api.w.org\/{rel}","templated":true}]}}