{"id":661,"date":"2026-02-23T14:27:09","date_gmt":"2026-02-23T14:27:09","guid":{"rendered":"https:\/\/outletdorota.pl\/?post_type=product&#038;p=661"},"modified":"2026-02-23T14:27:10","modified_gmt":"2026-02-23T14:27:10","slug":"spodnie-tommy-jeans","status":"publish","type":"product","link":"https:\/\/outletdorota.pl\/index.php\/produkt\/spodnie-tommy-jeans\/","title":{"rendered":"Spodnie Tommy Jeans"},"content":{"rendered":"<p>rozmiar: 30<\/p>\n<p>kolor: jasnoniebieski<\/p>\n<p>sk\u0142ad: 80% bawe\u0142na, 20% konopia<\/p>\n<p>obw\u00f3d pasa: 78cm<\/p>\n<p>d\u0142ugo\u015b\u0107: 110cm<\/p>\n<p>&nbsp;<\/p>\n","protected":false},"excerpt":{"rendered":"<p>rozmiar: 30 kolor: jasnoniebieski sk\u0142ad: 80% bawe\u0142na, 20% konopia obw\u00f3d  [&#8230;]<\/p>\n","protected":false},"featured_media":662,"comment_status":"open","ping_status":"closed","template":"","meta":[],"product_brand":[],"product_cat":[29,27,36],"product_tag":[],"class_list":{"0":"post-661","1":"product","2":"type-product","3":"status-publish","4":"has-post-thumbnail","6":"product_cat-meska","7":"product_cat-odziez","8":"product_cat-spodnie","10":"first","11":"instock","12":"shipping-taxable","13":"purchasable","14":"product-type-simple"},"_links":{"self":[{"href":"https:\/\/outletdorota.pl\/index.php\/wp-json\/wp\/v2\/product\/661","targetHints":{"allow":["GET"]}}],"collection":[{"href":"https:\/\/outletdorota.pl\/index.php\/wp-json\/wp\/v2\/product"}],"about":[{"href":"https:\/\/outletdorota.pl\/index.php\/wp-json\/wp\/v2\/types\/product"}],"replies":[{"embeddable":true,"href":"https:\/\/outletdorota.pl\/index.php\/wp-json\/wp\/v2\/comments?post=661"}],"wp:featuredmedia":[{"embeddable":true,"href":"https:\/\/outletdorota.pl\/index.php\/wp-json\/wp\/v2\/media\/662"}],"wp:attachment":[{"href":"https:\/\/outletdorota.pl\/index.php\/wp-json\/wp\/v2\/media?parent=661"}],"wp:term":[{"taxonomy":"product_brand","embeddable":true,"href":"https:\/\/outletdorota.pl\/index.php\/wp-json\/wp\/v2\/product_brand?post=661"},{"taxonomy":"product_cat","embeddable":true,"href":"https:\/\/outletdorota.pl\/index.php\/wp-json\/wp\/v2\/product_cat?post=661"},{"taxonomy":"product_tag","embeddable":true,"href":"https:\/\/outletdorota.pl\/index.php\/wp-json\/wp\/v2\/product_tag?post=661"}],"curies":[{"name":"wp","href":"https:\/\/api.w.org\/{rel}","templated":true}]}}