{"id":667,"date":"2026-02-24T08:50:53","date_gmt":"2026-02-24T08:50:53","guid":{"rendered":"https:\/\/outletdorota.pl\/?post_type=product&#038;p=667"},"modified":"2026-02-25T11:45:47","modified_gmt":"2026-02-25T11:45:47","slug":"buty-puma-rbd-game-low","status":"publish","type":"product","link":"https:\/\/outletdorota.pl\/index.php\/produkt\/buty-puma-rbd-game-low\/","title":{"rendered":"Buty  PUMA RBD GAME LOW"},"content":{"rendered":"<p>rozmiar: 37<\/p>\n<p>d\u0142ugo\u015b\u0107 wk\u0142adki: 23 cm<\/p>\n<p>kolor: czarny, bia\u0142y, r\u00f3\u017cowy<\/p>\n<p>&nbsp;<\/p>\n","protected":false},"excerpt":{"rendered":"<p>rozmiar: 37 d\u0142ugo\u015b\u0107 wk\u0142adki: 23 cm kolor: czarny, bia\u0142y, r\u00f3\u017cowy  [&#8230;]<\/p>\n","protected":false},"featured_media":668,"comment_status":"open","ping_status":"closed","template":"","meta":[],"product_brand":[],"product_cat":[49,28,58],"product_tag":[],"class_list":{"0":"post-667","1":"product","2":"type-product","3":"status-publish","4":"has-post-thumbnail","6":"product_cat-damskie","7":"product_cat-obuwie","8":"product_cat-sneakersy-i-sportowe-damskie","10":"first","11":"instock","12":"shipping-taxable","13":"purchasable","14":"product-type-simple"},"_links":{"self":[{"href":"https:\/\/outletdorota.pl\/index.php\/wp-json\/wp\/v2\/product\/667","targetHints":{"allow":["GET"]}}],"collection":[{"href":"https:\/\/outletdorota.pl\/index.php\/wp-json\/wp\/v2\/product"}],"about":[{"href":"https:\/\/outletdorota.pl\/index.php\/wp-json\/wp\/v2\/types\/product"}],"replies":[{"embeddable":true,"href":"https:\/\/outletdorota.pl\/index.php\/wp-json\/wp\/v2\/comments?post=667"}],"wp:featuredmedia":[{"embeddable":true,"href":"https:\/\/outletdorota.pl\/index.php\/wp-json\/wp\/v2\/media\/668"}],"wp:attachment":[{"href":"https:\/\/outletdorota.pl\/index.php\/wp-json\/wp\/v2\/media?parent=667"}],"wp:term":[{"taxonomy":"product_brand","embeddable":true,"href":"https:\/\/outletdorota.pl\/index.php\/wp-json\/wp\/v2\/product_brand?post=667"},{"taxonomy":"product_cat","embeddable":true,"href":"https:\/\/outletdorota.pl\/index.php\/wp-json\/wp\/v2\/product_cat?post=667"},{"taxonomy":"product_tag","embeddable":true,"href":"https:\/\/outletdorota.pl\/index.php\/wp-json\/wp\/v2\/product_tag?post=667"}],"curies":[{"name":"wp","href":"https:\/\/api.w.org\/{rel}","templated":true}]}}