{"id":677,"date":"2026-02-24T10:39:12","date_gmt":"2026-02-24T10:39:12","guid":{"rendered":"https:\/\/outletdorota.pl\/?post_type=product&#038;p=677"},"modified":"2026-02-24T10:52:23","modified_gmt":"2026-02-24T10:52:23","slug":"dresy-nike","status":"publish","type":"product","link":"https:\/\/outletdorota.pl\/index.php\/produkt\/dresy-nike\/","title":{"rendered":"Dresy Nike"},"content":{"rendered":"<p>rozmiar: XS<\/p>\n<p>kolor: czarny<\/p>\n<p>materia\u0142: 76% bawe\u0142na, 24%\u00a0 poliester<\/p>\n<p>obw\u00f3d w pasie: 72 cm<\/p>\n<p>d\u0142ugo\u015b\u0107: 95 cm<\/p>\n<p>dost\u0119pne w rozmiarze: XS,S,L<\/p>\n","protected":false},"excerpt":{"rendered":"<p>rozmiar: XS kolor: czarny materia\u0142: 76% bawe\u0142na, 24%\u00a0 poliester obw\u00f3d  [&#8230;]<\/p>\n","protected":false},"featured_media":680,"comment_status":"open","ping_status":"closed","template":"","meta":[],"product_brand":[],"product_cat":[30,27,45],"product_tag":[],"class_list":{"0":"post-677","1":"product","2":"type-product","3":"status-publish","4":"has-post-thumbnail","6":"product_cat-damska","7":"product_cat-odziez","8":"product_cat-spodnie-i-legginsy","10":"first","11":"instock","12":"shipping-taxable","13":"purchasable","14":"product-type-simple"},"_links":{"self":[{"href":"https:\/\/outletdorota.pl\/index.php\/wp-json\/wp\/v2\/product\/677","targetHints":{"allow":["GET"]}}],"collection":[{"href":"https:\/\/outletdorota.pl\/index.php\/wp-json\/wp\/v2\/product"}],"about":[{"href":"https:\/\/outletdorota.pl\/index.php\/wp-json\/wp\/v2\/types\/product"}],"replies":[{"embeddable":true,"href":"https:\/\/outletdorota.pl\/index.php\/wp-json\/wp\/v2\/comments?post=677"}],"wp:featuredmedia":[{"embeddable":true,"href":"https:\/\/outletdorota.pl\/index.php\/wp-json\/wp\/v2\/media\/680"}],"wp:attachment":[{"href":"https:\/\/outletdorota.pl\/index.php\/wp-json\/wp\/v2\/media?parent=677"}],"wp:term":[{"taxonomy":"product_brand","embeddable":true,"href":"https:\/\/outletdorota.pl\/index.php\/wp-json\/wp\/v2\/product_brand?post=677"},{"taxonomy":"product_cat","embeddable":true,"href":"https:\/\/outletdorota.pl\/index.php\/wp-json\/wp\/v2\/product_cat?post=677"},{"taxonomy":"product_tag","embeddable":true,"href":"https:\/\/outletdorota.pl\/index.php\/wp-json\/wp\/v2\/product_tag?post=677"}],"curies":[{"name":"wp","href":"https:\/\/api.w.org\/{rel}","templated":true}]}}