{"id":685,"date":"2026-02-24T11:17:59","date_gmt":"2026-02-24T11:17:59","guid":{"rendered":"https:\/\/outletdorota.pl\/?post_type=product&#038;p=685"},"modified":"2026-02-24T11:17:59","modified_gmt":"2026-02-24T11:17:59","slug":"zakiet-marynarka-maxco","status":"publish","type":"product","link":"https:\/\/outletdorota.pl\/index.php\/produkt\/zakiet-marynarka-maxco\/","title":{"rendered":"\u017bakiet\/Marynarka MAX&#038;Co."},"content":{"rendered":"<p>rozmiar: 40<\/p>\n<p>kolor: be\u017cowy<\/p>\n<p>materia\u0142: 80% wiskoza, 20% len<\/p>\n<p>szeroko\u015b\u0107 w ramionach: 43-45 cm<\/p>\n<p>szeroko\u015b\u0107 od pachy do pachy: 55cm<\/p>\n<p>d\u0142ugo\u015b\u0107: 85 cm<\/p>\n","protected":false},"excerpt":{"rendered":"<p>rozmiar: 40 kolor: be\u017cowy materia\u0142: 80% wiskoza, 20% len szeroko\u015b\u0107  [&#8230;]<\/p>\n","protected":false},"featured_media":686,"comment_status":"open","ping_status":"closed","template":"","meta":[],"product_brand":[],"product_cat":[30,169,27],"product_tag":[],"class_list":{"0":"post-685","1":"product","2":"type-product","3":"status-publish","4":"has-post-thumbnail","6":"product_cat-damska","7":"product_cat-marynarki-zakiety","8":"product_cat-odziez","10":"first","11":"instock","12":"shipping-taxable","13":"purchasable","14":"product-type-simple"},"_links":{"self":[{"href":"https:\/\/outletdorota.pl\/index.php\/wp-json\/wp\/v2\/product\/685","targetHints":{"allow":["GET"]}}],"collection":[{"href":"https:\/\/outletdorota.pl\/index.php\/wp-json\/wp\/v2\/product"}],"about":[{"href":"https:\/\/outletdorota.pl\/index.php\/wp-json\/wp\/v2\/types\/product"}],"replies":[{"embeddable":true,"href":"https:\/\/outletdorota.pl\/index.php\/wp-json\/wp\/v2\/comments?post=685"}],"wp:featuredmedia":[{"embeddable":true,"href":"https:\/\/outletdorota.pl\/index.php\/wp-json\/wp\/v2\/media\/686"}],"wp:attachment":[{"href":"https:\/\/outletdorota.pl\/index.php\/wp-json\/wp\/v2\/media?parent=685"}],"wp:term":[{"taxonomy":"product_brand","embeddable":true,"href":"https:\/\/outletdorota.pl\/index.php\/wp-json\/wp\/v2\/product_brand?post=685"},{"taxonomy":"product_cat","embeddable":true,"href":"https:\/\/outletdorota.pl\/index.php\/wp-json\/wp\/v2\/product_cat?post=685"},{"taxonomy":"product_tag","embeddable":true,"href":"https:\/\/outletdorota.pl\/index.php\/wp-json\/wp\/v2\/product_tag?post=685"}],"curies":[{"name":"wp","href":"https:\/\/api.w.org\/{rel}","templated":true}]}}