{"id":720,"date":"2026-02-25T09:04:47","date_gmt":"2026-02-25T09:04:47","guid":{"rendered":"https:\/\/outletdorota.pl\/?post_type=product&#038;p=720"},"modified":"2026-02-25T09:04:48","modified_gmt":"2026-02-25T09:04:48","slug":"spodnie-lacoste-slim-fit","status":"publish","type":"product","link":"https:\/\/outletdorota.pl\/index.php\/produkt\/spodnie-lacoste-slim-fit\/","title":{"rendered":"Spodnie Lacoste Slim fit"},"content":{"rendered":"<p>rozmiar: W30\/L32<\/p>\n<p>kolor: niebieski<\/p>\n<p>materia\u0142: 98% bawe\u0142na, 2 % elastan<\/p>\n<p>0bw\u00f3d pasa: 80 cm<\/p>\n<p>d\u0142ugo\u015b\u0107: 110 cm<\/p>\n","protected":false},"excerpt":{"rendered":"<p>rozmiar: W30\/L32 kolor: niebieski materia\u0142: 98% bawe\u0142na, 2 % elastan  [&#8230;]<\/p>\n","protected":false},"featured_media":721,"comment_status":"open","ping_status":"closed","template":"","meta":[],"product_brand":[],"product_cat":[30,27,45],"product_tag":[],"class_list":{"0":"post-720","1":"product","2":"type-product","3":"status-publish","4":"has-post-thumbnail","6":"product_cat-damska","7":"product_cat-odziez","8":"product_cat-spodnie-i-legginsy","10":"first","11":"instock","12":"shipping-taxable","13":"purchasable","14":"product-type-simple"},"_links":{"self":[{"href":"https:\/\/outletdorota.pl\/index.php\/wp-json\/wp\/v2\/product\/720","targetHints":{"allow":["GET"]}}],"collection":[{"href":"https:\/\/outletdorota.pl\/index.php\/wp-json\/wp\/v2\/product"}],"about":[{"href":"https:\/\/outletdorota.pl\/index.php\/wp-json\/wp\/v2\/types\/product"}],"replies":[{"embeddable":true,"href":"https:\/\/outletdorota.pl\/index.php\/wp-json\/wp\/v2\/comments?post=720"}],"wp:featuredmedia":[{"embeddable":true,"href":"https:\/\/outletdorota.pl\/index.php\/wp-json\/wp\/v2\/media\/721"}],"wp:attachment":[{"href":"https:\/\/outletdorota.pl\/index.php\/wp-json\/wp\/v2\/media?parent=720"}],"wp:term":[{"taxonomy":"product_brand","embeddable":true,"href":"https:\/\/outletdorota.pl\/index.php\/wp-json\/wp\/v2\/product_brand?post=720"},{"taxonomy":"product_cat","embeddable":true,"href":"https:\/\/outletdorota.pl\/index.php\/wp-json\/wp\/v2\/product_cat?post=720"},{"taxonomy":"product_tag","embeddable":true,"href":"https:\/\/outletdorota.pl\/index.php\/wp-json\/wp\/v2\/product_tag?post=720"}],"curies":[{"name":"wp","href":"https:\/\/api.w.org\/{rel}","templated":true}]}}