{"id":727,"date":"2026-02-25T11:22:58","date_gmt":"2026-02-25T11:22:58","guid":{"rendered":"https:\/\/outletdorota.pl\/?post_type=product&#038;p=727"},"modified":"2026-02-25T11:23:10","modified_gmt":"2026-02-25T11:23:10","slug":"bezrekawnik-only-sons","status":"publish","type":"product","link":"https:\/\/outletdorota.pl\/index.php\/produkt\/bezrekawnik-only-sons\/","title":{"rendered":"Bezr\u0119kawnik ONLY &#038; SONS"},"content":{"rendered":"<p>Rozmiar: L<\/p>\n<p>kolor: \u017c\u00f3\u0142ty, czarny<\/p>\n<p>materia\u0142: 100% poliester<\/p>\n<p>szeroko\u015b\u0107 od pachy do pachy: 62 cm<\/p>\n<p>d\u0142ugo\u015b\u0107: 80 cm<\/p>\n","protected":false},"excerpt":{"rendered":"<p>Rozmiar: L kolor: \u017c\u00f3\u0142ty, czarny materia\u0142: 100% poliester szeroko\u015b\u0107 od  [&#8230;]<\/p>\n","protected":false},"featured_media":728,"comment_status":"open","ping_status":"closed","template":"","meta":[],"product_brand":[],"product_cat":[171,29,27],"product_tag":[],"class_list":{"0":"post-727","1":"product","2":"type-product","3":"status-publish","4":"has-post-thumbnail","6":"product_cat-bezrekawniki","7":"product_cat-meska","8":"product_cat-odziez","10":"first","11":"instock","12":"shipping-taxable","13":"purchasable","14":"product-type-simple"},"_links":{"self":[{"href":"https:\/\/outletdorota.pl\/index.php\/wp-json\/wp\/v2\/product\/727","targetHints":{"allow":["GET"]}}],"collection":[{"href":"https:\/\/outletdorota.pl\/index.php\/wp-json\/wp\/v2\/product"}],"about":[{"href":"https:\/\/outletdorota.pl\/index.php\/wp-json\/wp\/v2\/types\/product"}],"replies":[{"embeddable":true,"href":"https:\/\/outletdorota.pl\/index.php\/wp-json\/wp\/v2\/comments?post=727"}],"wp:featuredmedia":[{"embeddable":true,"href":"https:\/\/outletdorota.pl\/index.php\/wp-json\/wp\/v2\/media\/728"}],"wp:attachment":[{"href":"https:\/\/outletdorota.pl\/index.php\/wp-json\/wp\/v2\/media?parent=727"}],"wp:term":[{"taxonomy":"product_brand","embeddable":true,"href":"https:\/\/outletdorota.pl\/index.php\/wp-json\/wp\/v2\/product_brand?post=727"},{"taxonomy":"product_cat","embeddable":true,"href":"https:\/\/outletdorota.pl\/index.php\/wp-json\/wp\/v2\/product_cat?post=727"},{"taxonomy":"product_tag","embeddable":true,"href":"https:\/\/outletdorota.pl\/index.php\/wp-json\/wp\/v2\/product_tag?post=727"}],"curies":[{"name":"wp","href":"https:\/\/api.w.org\/{rel}","templated":true}]}}