{"id":736,"date":"2026-02-25T13:11:08","date_gmt":"2026-02-25T13:11:08","guid":{"rendered":"https:\/\/outletdorota.pl\/?post_type=product&#038;p=736"},"modified":"2026-02-25T13:11:34","modified_gmt":"2026-02-25T13:11:34","slug":"spodnie-adidas-terrex","status":"publish","type":"product","link":"https:\/\/outletdorota.pl\/index.php\/produkt\/spodnie-adidas-terrex\/","title":{"rendered":"Spodnie Adidas Terrex"},"content":{"rendered":"<p>rozmiar: M<\/p>\n<p>kolor: granatowy<\/p>\n<p>materia\u0142: 100% poliester<\/p>\n<p>obw\u00f3d pasa: 84-90 cm<\/p>\n<p>d\u0142ugo\u015b\u0107: 100 cm<\/p>\n","protected":false},"excerpt":{"rendered":"<p>rozmiar: M kolor: granatowy materia\u0142: 100% poliester obw\u00f3d pasa: 84-90  [&#8230;]<\/p>\n","protected":false},"featured_media":737,"comment_status":"open","ping_status":"closed","template":"","meta":[],"product_brand":[],"product_cat":[29,27,36],"product_tag":[],"class_list":{"0":"post-736","1":"product","2":"type-product","3":"status-publish","4":"has-post-thumbnail","6":"product_cat-meska","7":"product_cat-odziez","8":"product_cat-spodnie","10":"first","11":"instock","12":"shipping-taxable","13":"purchasable","14":"product-type-simple"},"_links":{"self":[{"href":"https:\/\/outletdorota.pl\/index.php\/wp-json\/wp\/v2\/product\/736","targetHints":{"allow":["GET"]}}],"collection":[{"href":"https:\/\/outletdorota.pl\/index.php\/wp-json\/wp\/v2\/product"}],"about":[{"href":"https:\/\/outletdorota.pl\/index.php\/wp-json\/wp\/v2\/types\/product"}],"replies":[{"embeddable":true,"href":"https:\/\/outletdorota.pl\/index.php\/wp-json\/wp\/v2\/comments?post=736"}],"wp:featuredmedia":[{"embeddable":true,"href":"https:\/\/outletdorota.pl\/index.php\/wp-json\/wp\/v2\/media\/737"}],"wp:attachment":[{"href":"https:\/\/outletdorota.pl\/index.php\/wp-json\/wp\/v2\/media?parent=736"}],"wp:term":[{"taxonomy":"product_brand","embeddable":true,"href":"https:\/\/outletdorota.pl\/index.php\/wp-json\/wp\/v2\/product_brand?post=736"},{"taxonomy":"product_cat","embeddable":true,"href":"https:\/\/outletdorota.pl\/index.php\/wp-json\/wp\/v2\/product_cat?post=736"},{"taxonomy":"product_tag","embeddable":true,"href":"https:\/\/outletdorota.pl\/index.php\/wp-json\/wp\/v2\/product_tag?post=736"}],"curies":[{"name":"wp","href":"https:\/\/api.w.org\/{rel}","templated":true}]}}