{"id":739,"date":"2026-02-25T13:30:08","date_gmt":"2026-02-25T13:30:08","guid":{"rendered":"https:\/\/outletdorota.pl\/?post_type=product&#038;p=739"},"modified":"2026-03-27T13:41:29","modified_gmt":"2026-03-27T13:41:29","slug":"sweter-only","status":"publish","type":"product","link":"https:\/\/outletdorota.pl\/index.php\/produkt\/sweter-only\/","title":{"rendered":"Sweter ONLY"},"content":{"rendered":"<p>rozmiar: M<\/p>\n<p>kolor: jasny br\u0105z<\/p>\n<p>materia\u0142: 54% akryl, 26% poliester, 10% we\u0142na<\/p>\n<p>szeroko\u015b\u0107 od pachy do pachy:\u00a0 85cm<\/p>\n<p>d\u0142ugo\u015b\u0107: 57 cm<\/p>\n","protected":false},"excerpt":{"rendered":"<p>rozmiar: M kolor: jasny br\u0105z materia\u0142: 54% akryl, 26% poliester,  [&#8230;]<\/p>\n","protected":false},"featured_media":741,"comment_status":"open","ping_status":"closed","template":"","meta":[],"product_brand":[],"product_cat":[40,30,27],"product_tag":[],"class_list":{"0":"post-739","1":"product","2":"type-product","3":"status-publish","4":"has-post-thumbnail","6":"product_cat-bluzy-i-swetry-damska","7":"product_cat-damska","8":"product_cat-odziez","10":"first","11":"outofstock","12":"shipping-taxable","13":"purchasable","14":"product-type-simple"},"_links":{"self":[{"href":"https:\/\/outletdorota.pl\/index.php\/wp-json\/wp\/v2\/product\/739","targetHints":{"allow":["GET"]}}],"collection":[{"href":"https:\/\/outletdorota.pl\/index.php\/wp-json\/wp\/v2\/product"}],"about":[{"href":"https:\/\/outletdorota.pl\/index.php\/wp-json\/wp\/v2\/types\/product"}],"replies":[{"embeddable":true,"href":"https:\/\/outletdorota.pl\/index.php\/wp-json\/wp\/v2\/comments?post=739"}],"wp:featuredmedia":[{"embeddable":true,"href":"https:\/\/outletdorota.pl\/index.php\/wp-json\/wp\/v2\/media\/741"}],"wp:attachment":[{"href":"https:\/\/outletdorota.pl\/index.php\/wp-json\/wp\/v2\/media?parent=739"}],"wp:term":[{"taxonomy":"product_brand","embeddable":true,"href":"https:\/\/outletdorota.pl\/index.php\/wp-json\/wp\/v2\/product_brand?post=739"},{"taxonomy":"product_cat","embeddable":true,"href":"https:\/\/outletdorota.pl\/index.php\/wp-json\/wp\/v2\/product_cat?post=739"},{"taxonomy":"product_tag","embeddable":true,"href":"https:\/\/outletdorota.pl\/index.php\/wp-json\/wp\/v2\/product_tag?post=739"}],"curies":[{"name":"wp","href":"https:\/\/api.w.org\/{rel}","templated":true}]}}