{"id":750,"date":"2026-02-25T14:44:14","date_gmt":"2026-02-25T14:44:14","guid":{"rendered":"https:\/\/outletdorota.pl\/?post_type=product&#038;p=750"},"modified":"2026-02-25T14:47:26","modified_gmt":"2026-02-25T14:47:26","slug":"spodnicospodenki-didriksons-kopia","status":"publish","type":"product","link":"https:\/\/outletdorota.pl\/index.php\/produkt\/spodnicospodenki-didriksons-kopia\/","title":{"rendered":"Sp\u00f3dnicospodenki Didriksons"},"content":{"rendered":"<p>rozmiar: 100<\/p>\n<p>kolor: \u017c\u00f3\u0142ty, szary<\/p>\n<p>materia\u0142: 95% poliester, 5% elastan<\/p>\n<p>obw\u00f3d pasa: 60cm<\/p>\n<p>d\u0142ugo\u015b\u0107: 27 cm<\/p>\n<p>&nbsp;<\/p>\n","protected":false},"excerpt":{"rendered":"<p>rozmiar: 100 kolor: \u017c\u00f3\u0142ty, szary materia\u0142: 95% poliester, 5% elastan  [&#8230;]<\/p>\n","protected":false},"featured_media":751,"comment_status":"open","ping_status":"closed","template":"","meta":[],"product_brand":[],"product_cat":[31,27],"product_tag":[],"class_list":{"0":"post-750","1":"product","2":"type-product","3":"status-publish","4":"has-post-thumbnail","6":"product_cat-dziecieca","7":"product_cat-odziez","9":"first","10":"instock","11":"shipping-taxable","12":"purchasable","13":"product-type-simple"},"_links":{"self":[{"href":"https:\/\/outletdorota.pl\/index.php\/wp-json\/wp\/v2\/product\/750","targetHints":{"allow":["GET"]}}],"collection":[{"href":"https:\/\/outletdorota.pl\/index.php\/wp-json\/wp\/v2\/product"}],"about":[{"href":"https:\/\/outletdorota.pl\/index.php\/wp-json\/wp\/v2\/types\/product"}],"replies":[{"embeddable":true,"href":"https:\/\/outletdorota.pl\/index.php\/wp-json\/wp\/v2\/comments?post=750"}],"wp:featuredmedia":[{"embeddable":true,"href":"https:\/\/outletdorota.pl\/index.php\/wp-json\/wp\/v2\/media\/751"}],"wp:attachment":[{"href":"https:\/\/outletdorota.pl\/index.php\/wp-json\/wp\/v2\/media?parent=750"}],"wp:term":[{"taxonomy":"product_brand","embeddable":true,"href":"https:\/\/outletdorota.pl\/index.php\/wp-json\/wp\/v2\/product_brand?post=750"},{"taxonomy":"product_cat","embeddable":true,"href":"https:\/\/outletdorota.pl\/index.php\/wp-json\/wp\/v2\/product_cat?post=750"},{"taxonomy":"product_tag","embeddable":true,"href":"https:\/\/outletdorota.pl\/index.php\/wp-json\/wp\/v2\/product_tag?post=750"}],"curies":[{"name":"wp","href":"https:\/\/api.w.org\/{rel}","templated":true}]}}