{"id":757,"date":"2026-02-25T15:12:30","date_gmt":"2026-02-25T15:12:30","guid":{"rendered":"https:\/\/outletdorota.pl\/?post_type=product&#038;p=757"},"modified":"2026-02-25T15:12:30","modified_gmt":"2026-02-25T15:12:30","slug":"bluza-top-puma","status":"publish","type":"product","link":"https:\/\/outletdorota.pl\/index.php\/produkt\/bluza-top-puma\/","title":{"rendered":"Bluza\/Top Puma"},"content":{"rendered":"<p>rozmiar: 5-6Y \/116<\/p>\n<p>kolor: niebieski, jasnoniebieski, bia\u0142y<\/p>\n<p>materia\u0142: 56% bawe\u0142na, 44% poliester<\/p>\n<p>szeroko\u015b\u0107 od pachy do pachy: 40cm<\/p>\n<p>d\u0142ugo\u015b\u0107: 35cm<\/p>\n<p>&nbsp;<\/p>\n","protected":false},"excerpt":{"rendered":"<p>rozmiar: 5-6Y \/116 kolor: niebieski, jasnoniebieski, bia\u0142y materia\u0142: 56% bawe\u0142na,  [&#8230;]<\/p>\n","protected":false},"featured_media":758,"comment_status":"open","ping_status":"closed","template":"","meta":[],"product_brand":[],"product_cat":[31,27],"product_tag":[],"class_list":{"0":"post-757","1":"product","2":"type-product","3":"status-publish","4":"has-post-thumbnail","6":"product_cat-dziecieca","7":"product_cat-odziez","9":"first","10":"instock","11":"shipping-taxable","12":"purchasable","13":"product-type-simple"},"_links":{"self":[{"href":"https:\/\/outletdorota.pl\/index.php\/wp-json\/wp\/v2\/product\/757","targetHints":{"allow":["GET"]}}],"collection":[{"href":"https:\/\/outletdorota.pl\/index.php\/wp-json\/wp\/v2\/product"}],"about":[{"href":"https:\/\/outletdorota.pl\/index.php\/wp-json\/wp\/v2\/types\/product"}],"replies":[{"embeddable":true,"href":"https:\/\/outletdorota.pl\/index.php\/wp-json\/wp\/v2\/comments?post=757"}],"wp:featuredmedia":[{"embeddable":true,"href":"https:\/\/outletdorota.pl\/index.php\/wp-json\/wp\/v2\/media\/758"}],"wp:attachment":[{"href":"https:\/\/outletdorota.pl\/index.php\/wp-json\/wp\/v2\/media?parent=757"}],"wp:term":[{"taxonomy":"product_brand","embeddable":true,"href":"https:\/\/outletdorota.pl\/index.php\/wp-json\/wp\/v2\/product_brand?post=757"},{"taxonomy":"product_cat","embeddable":true,"href":"https:\/\/outletdorota.pl\/index.php\/wp-json\/wp\/v2\/product_cat?post=757"},{"taxonomy":"product_tag","embeddable":true,"href":"https:\/\/outletdorota.pl\/index.php\/wp-json\/wp\/v2\/product_tag?post=757"}],"curies":[{"name":"wp","href":"https:\/\/api.w.org\/{rel}","templated":true}]}}