{"id":76,"date":"2026-02-10T19:39:37","date_gmt":"2026-02-10T19:39:37","guid":{"rendered":"https:\/\/outletdorota.pl\/index.php\/produkt\/fila-buty-skorzane\/"},"modified":"2026-02-25T11:40:50","modified_gmt":"2026-02-25T11:40:50","slug":"fila-buty-skorzane","status":"publish","type":"product","link":"https:\/\/outletdorota.pl\/index.php\/produkt\/fila-buty-skorzane\/","title":{"rendered":"Fila Buty sk\u00f3rzane"},"content":{"rendered":"<p>Damskie buty sk\u00f3rzane marki Fila w kolorze bia\u0142ym. Rozmiar 36, nowe w oryginalnym opakowaniu.<\/p>\n","protected":false},"excerpt":{"rendered":"<p>Damskie buty sk\u00f3rzane marki Fila w kolorze bia\u0142ym. Rozmiar 36,  [&#8230;]<\/p>\n","protected":false},"featured_media":288,"comment_status":"open","ping_status":"closed","template":"","meta":[],"product_brand":[],"product_cat":[49,28,173],"product_tag":[],"class_list":{"0":"post-76","1":"product","2":"type-product","3":"status-publish","4":"has-post-thumbnail","6":"product_cat-damskie","7":"product_cat-obuwie","8":"product_cat-zobacz-wszystkie","10":"first","11":"outofstock","12":"shipping-taxable","13":"purchasable","14":"product-type-simple"},"_links":{"self":[{"href":"https:\/\/outletdorota.pl\/index.php\/wp-json\/wp\/v2\/product\/76","targetHints":{"allow":["GET"]}}],"collection":[{"href":"https:\/\/outletdorota.pl\/index.php\/wp-json\/wp\/v2\/product"}],"about":[{"href":"https:\/\/outletdorota.pl\/index.php\/wp-json\/wp\/v2\/types\/product"}],"replies":[{"embeddable":true,"href":"https:\/\/outletdorota.pl\/index.php\/wp-json\/wp\/v2\/comments?post=76"}],"wp:featuredmedia":[{"embeddable":true,"href":"https:\/\/outletdorota.pl\/index.php\/wp-json\/wp\/v2\/media\/288"}],"wp:attachment":[{"href":"https:\/\/outletdorota.pl\/index.php\/wp-json\/wp\/v2\/media?parent=76"}],"wp:term":[{"taxonomy":"product_brand","embeddable":true,"href":"https:\/\/outletdorota.pl\/index.php\/wp-json\/wp\/v2\/product_brand?post=76"},{"taxonomy":"product_cat","embeddable":true,"href":"https:\/\/outletdorota.pl\/index.php\/wp-json\/wp\/v2\/product_cat?post=76"},{"taxonomy":"product_tag","embeddable":true,"href":"https:\/\/outletdorota.pl\/index.php\/wp-json\/wp\/v2\/product_tag?post=76"}],"curies":[{"name":"wp","href":"https:\/\/api.w.org\/{rel}","templated":true}]}}