{"id":772,"date":"2026-02-26T14:33:15","date_gmt":"2026-02-26T14:33:15","guid":{"rendered":"https:\/\/outletdorota.pl\/?post_type=product&#038;p=772"},"modified":"2026-03-27T13:41:05","modified_gmt":"2026-03-27T13:41:05","slug":"zakiet-marynarka-dkny","status":"publish","type":"product","link":"https:\/\/outletdorota.pl\/index.php\/produkt\/zakiet-marynarka-dkny\/","title":{"rendered":"\u017bakiet\/Marynarka DKNY"},"content":{"rendered":"<p>rozmiar:\u00a0 M<\/p>\n<p>kolor: czarny<\/p>\n<p>materia\u0142: 92% poliester, 8% elastan<\/p>\n<p>szeroko\u015b\u0107 w ramionach: 40 cm<\/p>\n<p>szeroko\u015b\u0107 od pachy do pachy:\u00a0 50 cm<\/p>\n<p>d\u0142ugo\u015b\u0107: 90 cm<\/p>\n<p>nowy bez metki<\/p>\n","protected":false},"excerpt":{"rendered":"<p>rozmiar:\u00a0 M kolor: czarny materia\u0142: 92% poliester, 8% elastan szeroko\u015b\u0107  [&#8230;]<\/p>\n","protected":false},"featured_media":774,"comment_status":"open","ping_status":"closed","template":"","meta":[],"product_brand":[],"product_cat":[30,169,27],"product_tag":[],"class_list":{"0":"post-772","1":"product","2":"type-product","3":"status-publish","4":"has-post-thumbnail","6":"product_cat-damska","7":"product_cat-marynarki-zakiety","8":"product_cat-odziez","10":"first","11":"outofstock","12":"shipping-taxable","13":"purchasable","14":"product-type-simple"},"_links":{"self":[{"href":"https:\/\/outletdorota.pl\/index.php\/wp-json\/wp\/v2\/product\/772","targetHints":{"allow":["GET"]}}],"collection":[{"href":"https:\/\/outletdorota.pl\/index.php\/wp-json\/wp\/v2\/product"}],"about":[{"href":"https:\/\/outletdorota.pl\/index.php\/wp-json\/wp\/v2\/types\/product"}],"replies":[{"embeddable":true,"href":"https:\/\/outletdorota.pl\/index.php\/wp-json\/wp\/v2\/comments?post=772"}],"wp:featuredmedia":[{"embeddable":true,"href":"https:\/\/outletdorota.pl\/index.php\/wp-json\/wp\/v2\/media\/774"}],"wp:attachment":[{"href":"https:\/\/outletdorota.pl\/index.php\/wp-json\/wp\/v2\/media?parent=772"}],"wp:term":[{"taxonomy":"product_brand","embeddable":true,"href":"https:\/\/outletdorota.pl\/index.php\/wp-json\/wp\/v2\/product_brand?post=772"},{"taxonomy":"product_cat","embeddable":true,"href":"https:\/\/outletdorota.pl\/index.php\/wp-json\/wp\/v2\/product_cat?post=772"},{"taxonomy":"product_tag","embeddable":true,"href":"https:\/\/outletdorota.pl\/index.php\/wp-json\/wp\/v2\/product_tag?post=772"}],"curies":[{"name":"wp","href":"https:\/\/api.w.org\/{rel}","templated":true}]}}