{"id":78,"date":"2026-02-10T19:39:46","date_gmt":"2026-02-10T19:39:46","guid":{"rendered":"https:\/\/outletdorota.pl\/index.php\/produkt\/sniegowce-unisa-ze-sciagaczami\/"},"modified":"2026-02-20T07:55:39","modified_gmt":"2026-02-20T07:55:39","slug":"sniegowce-unisa-ze-sciagaczami","status":"publish","type":"product","link":"https:\/\/outletdorota.pl\/index.php\/produkt\/sniegowce-unisa-ze-sciagaczami\/","title":{"rendered":"\u015aniegowce UNISA ze \u015bci\u0105gaczami"},"content":{"rendered":"<p>Damskie \u015bniegowce marki UNISA ze \u015bci\u0105gaczami w kolorze czarnym. Rozmiar 41, nowe w oryginalnym opakowaniu.<\/p>\n","protected":false},"excerpt":{"rendered":"<p>Damskie \u015bniegowce marki UNISA ze \u015bci\u0105gaczami w kolorze czarnym. Rozmiar  [&#8230;]<\/p>\n","protected":false},"featured_media":292,"comment_status":"open","ping_status":"closed","template":"","meta":[],"product_brand":[],"product_cat":[49,28],"product_tag":[],"class_list":{"0":"post-78","1":"product","2":"type-product","3":"status-publish","4":"has-post-thumbnail","6":"product_cat-damskie","7":"product_cat-obuwie","9":"first","10":"instock","11":"sale","12":"shipping-taxable","13":"purchasable","14":"product-type-simple"},"_links":{"self":[{"href":"https:\/\/outletdorota.pl\/index.php\/wp-json\/wp\/v2\/product\/78","targetHints":{"allow":["GET"]}}],"collection":[{"href":"https:\/\/outletdorota.pl\/index.php\/wp-json\/wp\/v2\/product"}],"about":[{"href":"https:\/\/outletdorota.pl\/index.php\/wp-json\/wp\/v2\/types\/product"}],"replies":[{"embeddable":true,"href":"https:\/\/outletdorota.pl\/index.php\/wp-json\/wp\/v2\/comments?post=78"}],"wp:featuredmedia":[{"embeddable":true,"href":"https:\/\/outletdorota.pl\/index.php\/wp-json\/wp\/v2\/media\/292"}],"wp:attachment":[{"href":"https:\/\/outletdorota.pl\/index.php\/wp-json\/wp\/v2\/media?parent=78"}],"wp:term":[{"taxonomy":"product_brand","embeddable":true,"href":"https:\/\/outletdorota.pl\/index.php\/wp-json\/wp\/v2\/product_brand?post=78"},{"taxonomy":"product_cat","embeddable":true,"href":"https:\/\/outletdorota.pl\/index.php\/wp-json\/wp\/v2\/product_cat?post=78"},{"taxonomy":"product_tag","embeddable":true,"href":"https:\/\/outletdorota.pl\/index.php\/wp-json\/wp\/v2\/product_tag?post=78"}],"curies":[{"name":"wp","href":"https:\/\/api.w.org\/{rel}","templated":true}]}}