{"id":781,"date":"2026-02-26T15:06:08","date_gmt":"2026-02-26T15:06:08","guid":{"rendered":"https:\/\/outletdorota.pl\/?post_type=product&#038;p=781"},"modified":"2026-02-26T15:06:09","modified_gmt":"2026-02-26T15:06:09","slug":"t-shirt-boss","status":"publish","type":"product","link":"https:\/\/outletdorota.pl\/index.php\/produkt\/t-shirt-boss\/","title":{"rendered":"T-shirt BOSS"},"content":{"rendered":"<p>rozmiar: L\/XL<\/p>\n<p>kolor: bia\u0142y<\/p>\n<p>materia\u0142: 100% bawe\u0142na<\/p>\n<p>szeroko\u015b\u0107 w ramionach: 50 cm<\/p>\n<p>szeroko\u015b\u0107 od pachy do pachy: 60 cm<\/p>\n<p>d\u0142ugo\u015b\u0107: 72 cm<\/p>\n","protected":false},"excerpt":{"rendered":"<p>rozmiar: L\/XL kolor: bia\u0142y materia\u0142: 100% bawe\u0142na szeroko\u015b\u0107 w ramionach:  [&#8230;]<\/p>\n","protected":false},"featured_media":782,"comment_status":"open","ping_status":"closed","template":"","meta":[],"product_brand":[],"product_cat":[34,29,27],"product_tag":[],"class_list":{"0":"post-781","1":"product","2":"type-product","3":"status-publish","4":"has-post-thumbnail","6":"product_cat-koszulki-i-t-shirty","7":"product_cat-meska","8":"product_cat-odziez","10":"first","11":"instock","12":"shipping-taxable","13":"purchasable","14":"product-type-simple"},"_links":{"self":[{"href":"https:\/\/outletdorota.pl\/index.php\/wp-json\/wp\/v2\/product\/781","targetHints":{"allow":["GET"]}}],"collection":[{"href":"https:\/\/outletdorota.pl\/index.php\/wp-json\/wp\/v2\/product"}],"about":[{"href":"https:\/\/outletdorota.pl\/index.php\/wp-json\/wp\/v2\/types\/product"}],"replies":[{"embeddable":true,"href":"https:\/\/outletdorota.pl\/index.php\/wp-json\/wp\/v2\/comments?post=781"}],"wp:featuredmedia":[{"embeddable":true,"href":"https:\/\/outletdorota.pl\/index.php\/wp-json\/wp\/v2\/media\/782"}],"wp:attachment":[{"href":"https:\/\/outletdorota.pl\/index.php\/wp-json\/wp\/v2\/media?parent=781"}],"wp:term":[{"taxonomy":"product_brand","embeddable":true,"href":"https:\/\/outletdorota.pl\/index.php\/wp-json\/wp\/v2\/product_brand?post=781"},{"taxonomy":"product_cat","embeddable":true,"href":"https:\/\/outletdorota.pl\/index.php\/wp-json\/wp\/v2\/product_cat?post=781"},{"taxonomy":"product_tag","embeddable":true,"href":"https:\/\/outletdorota.pl\/index.php\/wp-json\/wp\/v2\/product_tag?post=781"}],"curies":[{"name":"wp","href":"https:\/\/api.w.org\/{rel}","templated":true}]}}