{"id":795,"date":"2026-02-27T13:22:56","date_gmt":"2026-02-27T13:22:56","guid":{"rendered":"https:\/\/outletdorota.pl\/?post_type=product&#038;p=795"},"modified":"2026-03-27T13:40:03","modified_gmt":"2026-03-27T13:40:03","slug":"t-shirt-billabonga","status":"publish","type":"product","link":"https:\/\/outletdorota.pl\/index.php\/produkt\/t-shirt-billabonga\/","title":{"rendered":"T-shirt BILLABONGA"},"content":{"rendered":"<p>rozmiar: S<\/p>\n<p>kolor: czarny<\/p>\n<p>materia\u0142: 100% bawe\u0142na<\/p>\n<p>szeroko\u015b\u0107 od pachy do pachy: 50 cm<\/p>\n<p>d\u0142ugo\u015b\u0107: 72 cm<\/p>\n","protected":false},"excerpt":{"rendered":"<p>rozmiar: S kolor: czarny materia\u0142: 100% bawe\u0142na szeroko\u015b\u0107 od pachy  [&#8230;]<\/p>\n","protected":false},"featured_media":796,"comment_status":"open","ping_status":"closed","template":"","meta":[],"product_brand":[],"product_cat":[34,29,27],"product_tag":[],"class_list":{"0":"post-795","1":"product","2":"type-product","3":"status-publish","4":"has-post-thumbnail","6":"product_cat-koszulki-i-t-shirty","7":"product_cat-meska","8":"product_cat-odziez","10":"first","11":"outofstock","12":"shipping-taxable","13":"purchasable","14":"product-type-simple"},"_links":{"self":[{"href":"https:\/\/outletdorota.pl\/index.php\/wp-json\/wp\/v2\/product\/795","targetHints":{"allow":["GET"]}}],"collection":[{"href":"https:\/\/outletdorota.pl\/index.php\/wp-json\/wp\/v2\/product"}],"about":[{"href":"https:\/\/outletdorota.pl\/index.php\/wp-json\/wp\/v2\/types\/product"}],"replies":[{"embeddable":true,"href":"https:\/\/outletdorota.pl\/index.php\/wp-json\/wp\/v2\/comments?post=795"}],"wp:featuredmedia":[{"embeddable":true,"href":"https:\/\/outletdorota.pl\/index.php\/wp-json\/wp\/v2\/media\/796"}],"wp:attachment":[{"href":"https:\/\/outletdorota.pl\/index.php\/wp-json\/wp\/v2\/media?parent=795"}],"wp:term":[{"taxonomy":"product_brand","embeddable":true,"href":"https:\/\/outletdorota.pl\/index.php\/wp-json\/wp\/v2\/product_brand?post=795"},{"taxonomy":"product_cat","embeddable":true,"href":"https:\/\/outletdorota.pl\/index.php\/wp-json\/wp\/v2\/product_cat?post=795"},{"taxonomy":"product_tag","embeddable":true,"href":"https:\/\/outletdorota.pl\/index.php\/wp-json\/wp\/v2\/product_tag?post=795"}],"curies":[{"name":"wp","href":"https:\/\/api.w.org\/{rel}","templated":true}]}}