{"id":804,"date":"2026-02-27T14:09:25","date_gmt":"2026-02-27T14:09:25","guid":{"rendered":"https:\/\/outletdorota.pl\/?post_type=product&#038;p=804"},"modified":"2026-02-27T14:16:06","modified_gmt":"2026-02-27T14:16:06","slug":"bluza-g-star-raw-2","status":"publish","type":"product","link":"https:\/\/outletdorota.pl\/index.php\/produkt\/bluza-g-star-raw-2\/","title":{"rendered":"Bluza G-Star RAW"},"content":{"rendered":"<p>rozmiar: XS\/S<\/p>\n<p>kolor: siwy<\/p>\n<p>materia\u0142: 59%, bawe\u0142na, 39% poliester, 2% elastan<\/p>\n<p>szeroko\u015b\u0107 od pachy do pachy: 50 cm<\/p>\n<p>d\u0142ugo\u015b\u0107: 70 cm<\/p>\n","protected":false},"excerpt":{"rendered":"<p>rozmiar: XS\/S kolor: siwy materia\u0142: 59%, bawe\u0142na, 39% poliester, 2%  [&#8230;]<\/p>\n","protected":false},"featured_media":805,"comment_status":"open","ping_status":"closed","template":"","meta":[],"product_brand":[],"product_cat":[32,29,27],"product_tag":[],"class_list":{"0":"post-804","1":"product","2":"type-product","3":"status-publish","4":"has-post-thumbnail","6":"product_cat-bluzy-i-swetry","7":"product_cat-meska","8":"product_cat-odziez","10":"first","11":"instock","12":"shipping-taxable","13":"purchasable","14":"product-type-simple"},"_links":{"self":[{"href":"https:\/\/outletdorota.pl\/index.php\/wp-json\/wp\/v2\/product\/804","targetHints":{"allow":["GET"]}}],"collection":[{"href":"https:\/\/outletdorota.pl\/index.php\/wp-json\/wp\/v2\/product"}],"about":[{"href":"https:\/\/outletdorota.pl\/index.php\/wp-json\/wp\/v2\/types\/product"}],"replies":[{"embeddable":true,"href":"https:\/\/outletdorota.pl\/index.php\/wp-json\/wp\/v2\/comments?post=804"}],"wp:featuredmedia":[{"embeddable":true,"href":"https:\/\/outletdorota.pl\/index.php\/wp-json\/wp\/v2\/media\/805"}],"wp:attachment":[{"href":"https:\/\/outletdorota.pl\/index.php\/wp-json\/wp\/v2\/media?parent=804"}],"wp:term":[{"taxonomy":"product_brand","embeddable":true,"href":"https:\/\/outletdorota.pl\/index.php\/wp-json\/wp\/v2\/product_brand?post=804"},{"taxonomy":"product_cat","embeddable":true,"href":"https:\/\/outletdorota.pl\/index.php\/wp-json\/wp\/v2\/product_cat?post=804"},{"taxonomy":"product_tag","embeddable":true,"href":"https:\/\/outletdorota.pl\/index.php\/wp-json\/wp\/v2\/product_tag?post=804"}],"curies":[{"name":"wp","href":"https:\/\/api.w.org\/{rel}","templated":true}]}}