{"id":816,"date":"2026-02-27T15:36:36","date_gmt":"2026-02-27T15:36:36","guid":{"rendered":"https:\/\/outletdorota.pl\/?post_type=product&#038;p=816"},"modified":"2026-02-27T15:36:36","modified_gmt":"2026-02-27T15:36:36","slug":"spodnie-wrangler-2","status":"publish","type":"product","link":"https:\/\/outletdorota.pl\/index.php\/produkt\/spodnie-wrangler-2\/","title":{"rendered":"Spodnie WRANGLER"},"content":{"rendered":"<p>rozmiar: W27 x L32<\/p>\n<p>kolor: niebieski<\/p>\n<p>materia\u0142: 98% bawe\u0142na, 2% elastan<\/p>\n<p>obw\u00f3d pasa: 72<\/p>\n<p>d\u0142ugo\u015b\u0107: 105<\/p>\n","protected":false},"excerpt":{"rendered":"<p>rozmiar: W27 x L32 kolor: niebieski materia\u0142: 98% bawe\u0142na, 2%  [&#8230;]<\/p>\n","protected":false},"featured_media":817,"comment_status":"open","ping_status":"closed","template":"","meta":[],"product_brand":[],"product_cat":[30,27,45],"product_tag":[],"class_list":{"0":"post-816","1":"product","2":"type-product","3":"status-publish","4":"has-post-thumbnail","6":"product_cat-damska","7":"product_cat-odziez","8":"product_cat-spodnie-i-legginsy","10":"first","11":"instock","12":"shipping-taxable","13":"purchasable","14":"product-type-simple"},"_links":{"self":[{"href":"https:\/\/outletdorota.pl\/index.php\/wp-json\/wp\/v2\/product\/816","targetHints":{"allow":["GET"]}}],"collection":[{"href":"https:\/\/outletdorota.pl\/index.php\/wp-json\/wp\/v2\/product"}],"about":[{"href":"https:\/\/outletdorota.pl\/index.php\/wp-json\/wp\/v2\/types\/product"}],"replies":[{"embeddable":true,"href":"https:\/\/outletdorota.pl\/index.php\/wp-json\/wp\/v2\/comments?post=816"}],"wp:featuredmedia":[{"embeddable":true,"href":"https:\/\/outletdorota.pl\/index.php\/wp-json\/wp\/v2\/media\/817"}],"wp:attachment":[{"href":"https:\/\/outletdorota.pl\/index.php\/wp-json\/wp\/v2\/media?parent=816"}],"wp:term":[{"taxonomy":"product_brand","embeddable":true,"href":"https:\/\/outletdorota.pl\/index.php\/wp-json\/wp\/v2\/product_brand?post=816"},{"taxonomy":"product_cat","embeddable":true,"href":"https:\/\/outletdorota.pl\/index.php\/wp-json\/wp\/v2\/product_cat?post=816"},{"taxonomy":"product_tag","embeddable":true,"href":"https:\/\/outletdorota.pl\/index.php\/wp-json\/wp\/v2\/product_tag?post=816"}],"curies":[{"name":"wp","href":"https:\/\/api.w.org\/{rel}","templated":true}]}}