{"id":830,"date":"2026-03-02T09:50:21","date_gmt":"2026-03-02T09:50:21","guid":{"rendered":"https:\/\/outletdorota.pl\/?post_type=product&#038;p=830"},"modified":"2026-03-02T09:58:21","modified_gmt":"2026-03-02T09:58:21","slug":"spodnie-jack-jones","status":"publish","type":"product","link":"https:\/\/outletdorota.pl\/index.php\/produkt\/spodnie-jack-jones\/","title":{"rendered":"Spodnie JACK &#038; JONES"},"content":{"rendered":"<p>rozmiar:\u00a0 W27 x L30<\/p>\n<p>kolor: szary<\/p>\n<p>materia\u0142: 98% bawe\u0142na, 2% elastan<\/p>\n<p>obw\u00f3d pasa: 80 cm<\/p>\n<p>d\u0142ugo\u015b\u0107: 95 cm<\/p>\n","protected":false},"excerpt":{"rendered":"<p>rozmiar:\u00a0 W27 x L30 kolor: szary materia\u0142: 98% bawe\u0142na, 2%  [&#8230;]<\/p>\n","protected":false},"featured_media":831,"comment_status":"open","ping_status":"closed","template":"","meta":[],"product_brand":[],"product_cat":[29,27,36],"product_tag":[],"class_list":{"0":"post-830","1":"product","2":"type-product","3":"status-publish","4":"has-post-thumbnail","6":"product_cat-meska","7":"product_cat-odziez","8":"product_cat-spodnie","10":"first","11":"instock","12":"shipping-taxable","13":"purchasable","14":"product-type-simple"},"_links":{"self":[{"href":"https:\/\/outletdorota.pl\/index.php\/wp-json\/wp\/v2\/product\/830","targetHints":{"allow":["GET"]}}],"collection":[{"href":"https:\/\/outletdorota.pl\/index.php\/wp-json\/wp\/v2\/product"}],"about":[{"href":"https:\/\/outletdorota.pl\/index.php\/wp-json\/wp\/v2\/types\/product"}],"replies":[{"embeddable":true,"href":"https:\/\/outletdorota.pl\/index.php\/wp-json\/wp\/v2\/comments?post=830"}],"wp:featuredmedia":[{"embeddable":true,"href":"https:\/\/outletdorota.pl\/index.php\/wp-json\/wp\/v2\/media\/831"}],"wp:attachment":[{"href":"https:\/\/outletdorota.pl\/index.php\/wp-json\/wp\/v2\/media?parent=830"}],"wp:term":[{"taxonomy":"product_brand","embeddable":true,"href":"https:\/\/outletdorota.pl\/index.php\/wp-json\/wp\/v2\/product_brand?post=830"},{"taxonomy":"product_cat","embeddable":true,"href":"https:\/\/outletdorota.pl\/index.php\/wp-json\/wp\/v2\/product_cat?post=830"},{"taxonomy":"product_tag","embeddable":true,"href":"https:\/\/outletdorota.pl\/index.php\/wp-json\/wp\/v2\/product_tag?post=830"}],"curies":[{"name":"wp","href":"https:\/\/api.w.org\/{rel}","templated":true}]}}