{"id":843,"date":"2026-03-02T11:26:20","date_gmt":"2026-03-02T11:26:20","guid":{"rendered":"https:\/\/outletdorota.pl\/?post_type=product&#038;p=843"},"modified":"2026-03-02T11:30:40","modified_gmt":"2026-03-02T11:30:40","slug":"spodenki-fila","status":"publish","type":"product","link":"https:\/\/outletdorota.pl\/index.php\/produkt\/spodenki-fila\/","title":{"rendered":"spodenki  FILA"},"content":{"rendered":"<p>rozmiar: S<\/p>\n<p>kolor: granatowy<\/p>\n<p>materia\u0142: 70% bawe\u0142na, 30% poliester<\/p>\n<p>obw\u00f3d pasa: 72 cm<\/p>\n<p>d\u0142ugo\u015b\u0107: 47 cm<\/p>\n","protected":false},"excerpt":{"rendered":"<p>rozmiar: S kolor: granatowy materia\u0142: 70% bawe\u0142na, 30% poliester obw\u00f3d  [&#8230;]<\/p>\n","protected":false},"featured_media":845,"comment_status":"open","ping_status":"closed","template":"","meta":[],"product_brand":[],"product_cat":[29,27,36],"product_tag":[],"class_list":{"0":"post-843","1":"product","2":"type-product","3":"status-publish","4":"has-post-thumbnail","6":"product_cat-meska","7":"product_cat-odziez","8":"product_cat-spodnie","10":"first","11":"instock","12":"shipping-taxable","13":"purchasable","14":"product-type-simple"},"_links":{"self":[{"href":"https:\/\/outletdorota.pl\/index.php\/wp-json\/wp\/v2\/product\/843","targetHints":{"allow":["GET"]}}],"collection":[{"href":"https:\/\/outletdorota.pl\/index.php\/wp-json\/wp\/v2\/product"}],"about":[{"href":"https:\/\/outletdorota.pl\/index.php\/wp-json\/wp\/v2\/types\/product"}],"replies":[{"embeddable":true,"href":"https:\/\/outletdorota.pl\/index.php\/wp-json\/wp\/v2\/comments?post=843"}],"wp:featuredmedia":[{"embeddable":true,"href":"https:\/\/outletdorota.pl\/index.php\/wp-json\/wp\/v2\/media\/845"}],"wp:attachment":[{"href":"https:\/\/outletdorota.pl\/index.php\/wp-json\/wp\/v2\/media?parent=843"}],"wp:term":[{"taxonomy":"product_brand","embeddable":true,"href":"https:\/\/outletdorota.pl\/index.php\/wp-json\/wp\/v2\/product_brand?post=843"},{"taxonomy":"product_cat","embeddable":true,"href":"https:\/\/outletdorota.pl\/index.php\/wp-json\/wp\/v2\/product_cat?post=843"},{"taxonomy":"product_tag","embeddable":true,"href":"https:\/\/outletdorota.pl\/index.php\/wp-json\/wp\/v2\/product_tag?post=843"}],"curies":[{"name":"wp","href":"https:\/\/api.w.org\/{rel}","templated":true}]}}