{"id":847,"date":"2026-03-02T11:37:50","date_gmt":"2026-03-02T11:37:50","guid":{"rendered":"https:\/\/outletdorota.pl\/?post_type=product&#038;p=847"},"modified":"2026-03-02T11:37:50","modified_gmt":"2026-03-02T11:37:50","slug":"spodenki-no-excess","status":"publish","type":"product","link":"https:\/\/outletdorota.pl\/index.php\/produkt\/spodenki-no-excess\/","title":{"rendered":"Spodenki NO EXCESS"},"content":{"rendered":"<p>rozmiar: 31<\/p>\n<p>kolor: szary<\/p>\n<p>materia\u0142: 98% bawe\u0142na, 2% elastan<\/p>\n<p>obw\u00f3d pasa: 84 cm<\/p>\n<p>d\u0142ugo\u015b\u0107:\u00a0 47 cm<\/p>\n","protected":false},"excerpt":{"rendered":"<p>rozmiar: 31 kolor: szary materia\u0142: 98% bawe\u0142na, 2% elastan obw\u00f3d  [&#8230;]<\/p>\n","protected":false},"featured_media":848,"comment_status":"open","ping_status":"closed","template":"","meta":[],"product_brand":[],"product_cat":[15],"product_tag":[],"class_list":{"0":"post-847","1":"product","2":"type-product","3":"status-publish","4":"has-post-thumbnail","6":"product_cat-bez-kategorii","8":"first","9":"instock","10":"shipping-taxable","11":"purchasable","12":"product-type-simple"},"_links":{"self":[{"href":"https:\/\/outletdorota.pl\/index.php\/wp-json\/wp\/v2\/product\/847","targetHints":{"allow":["GET"]}}],"collection":[{"href":"https:\/\/outletdorota.pl\/index.php\/wp-json\/wp\/v2\/product"}],"about":[{"href":"https:\/\/outletdorota.pl\/index.php\/wp-json\/wp\/v2\/types\/product"}],"replies":[{"embeddable":true,"href":"https:\/\/outletdorota.pl\/index.php\/wp-json\/wp\/v2\/comments?post=847"}],"wp:featuredmedia":[{"embeddable":true,"href":"https:\/\/outletdorota.pl\/index.php\/wp-json\/wp\/v2\/media\/848"}],"wp:attachment":[{"href":"https:\/\/outletdorota.pl\/index.php\/wp-json\/wp\/v2\/media?parent=847"}],"wp:term":[{"taxonomy":"product_brand","embeddable":true,"href":"https:\/\/outletdorota.pl\/index.php\/wp-json\/wp\/v2\/product_brand?post=847"},{"taxonomy":"product_cat","embeddable":true,"href":"https:\/\/outletdorota.pl\/index.php\/wp-json\/wp\/v2\/product_cat?post=847"},{"taxonomy":"product_tag","embeddable":true,"href":"https:\/\/outletdorota.pl\/index.php\/wp-json\/wp\/v2\/product_tag?post=847"}],"curies":[{"name":"wp","href":"https:\/\/api.w.org\/{rel}","templated":true}]}}