{"id":850,"date":"2026-03-02T12:20:11","date_gmt":"2026-03-02T12:20:11","guid":{"rendered":"https:\/\/outletdorota.pl\/?post_type=product&#038;p=850"},"modified":"2026-03-11T13:06:45","modified_gmt":"2026-03-11T13:06:45","slug":"spodenki-hugo-boss","status":"publish","type":"product","link":"https:\/\/outletdorota.pl\/index.php\/produkt\/spodenki-hugo-boss\/","title":{"rendered":"Spodenki HUGO BOSS"},"content":{"rendered":"<p>rozmiar: L<\/p>\n<p>kolor: szarobr\u0105zowy<\/p>\n<p>materia\u0142: 100% bawe\u0142na<\/p>\n<p>obw\u00f3d pasa: 90 cm<\/p>\n<p>d\u0142ugo\u015b\u0107: 52 cm<\/p>\n<p>nowe bez metki<\/p>\n","protected":false},"excerpt":{"rendered":"<p>rozmiar: L kolor: szarobr\u0105zowy materia\u0142: 100% bawe\u0142na obw\u00f3d pasa: 90  [&#8230;]<\/p>\n","protected":false},"featured_media":851,"comment_status":"open","ping_status":"closed","template":"","meta":[],"product_brand":[],"product_cat":[29,27,36],"product_tag":[],"class_list":{"0":"post-850","1":"product","2":"type-product","3":"status-publish","4":"has-post-thumbnail","6":"product_cat-meska","7":"product_cat-odziez","8":"product_cat-spodnie","10":"first","11":"outofstock","12":"shipping-taxable","13":"purchasable","14":"product-type-simple"},"_links":{"self":[{"href":"https:\/\/outletdorota.pl\/index.php\/wp-json\/wp\/v2\/product\/850","targetHints":{"allow":["GET"]}}],"collection":[{"href":"https:\/\/outletdorota.pl\/index.php\/wp-json\/wp\/v2\/product"}],"about":[{"href":"https:\/\/outletdorota.pl\/index.php\/wp-json\/wp\/v2\/types\/product"}],"replies":[{"embeddable":true,"href":"https:\/\/outletdorota.pl\/index.php\/wp-json\/wp\/v2\/comments?post=850"}],"wp:featuredmedia":[{"embeddable":true,"href":"https:\/\/outletdorota.pl\/index.php\/wp-json\/wp\/v2\/media\/851"}],"wp:attachment":[{"href":"https:\/\/outletdorota.pl\/index.php\/wp-json\/wp\/v2\/media?parent=850"}],"wp:term":[{"taxonomy":"product_brand","embeddable":true,"href":"https:\/\/outletdorota.pl\/index.php\/wp-json\/wp\/v2\/product_brand?post=850"},{"taxonomy":"product_cat","embeddable":true,"href":"https:\/\/outletdorota.pl\/index.php\/wp-json\/wp\/v2\/product_cat?post=850"},{"taxonomy":"product_tag","embeddable":true,"href":"https:\/\/outletdorota.pl\/index.php\/wp-json\/wp\/v2\/product_tag?post=850"}],"curies":[{"name":"wp","href":"https:\/\/api.w.org\/{rel}","templated":true}]}}