{"id":878,"date":"2026-03-03T14:09:34","date_gmt":"2026-03-03T14:09:34","guid":{"rendered":"https:\/\/outletdorota.pl\/?post_type=product&#038;p=878"},"modified":"2026-03-03T16:55:24","modified_gmt":"2026-03-03T16:55:24","slug":"t-shirt-calvin-klein","status":"publish","type":"product","link":"https:\/\/outletdorota.pl\/index.php\/produkt\/t-shirt-calvin-klein\/","title":{"rendered":"T-shirt CALVIN KLEIN"},"content":{"rendered":"<p>rozmiar: M<\/p>\n<p>kolor: bia\u0142y<\/p>\n<p>materia\u0142: 100% bawe\u0142na<\/p>\n<p>szeroko\u015b\u0107 od pachy do pachy: 50 cm<\/p>\n<p>d\u0142ugo\u015b\u0107: 70 cm<\/p>\n","protected":false},"excerpt":{"rendered":"<p>rozmiar: M kolor: bia\u0142y materia\u0142: 100% bawe\u0142na szeroko\u015b\u0107 od pachy  [&#8230;]<\/p>\n","protected":false},"featured_media":879,"comment_status":"open","ping_status":"closed","template":"","meta":[],"product_brand":[],"product_cat":[34,29,27],"product_tag":[],"class_list":{"0":"post-878","1":"product","2":"type-product","3":"status-publish","4":"has-post-thumbnail","6":"product_cat-koszulki-i-t-shirty","7":"product_cat-meska","8":"product_cat-odziez","10":"first","11":"instock","12":"shipping-taxable","13":"purchasable","14":"product-type-simple"},"_links":{"self":[{"href":"https:\/\/outletdorota.pl\/index.php\/wp-json\/wp\/v2\/product\/878","targetHints":{"allow":["GET"]}}],"collection":[{"href":"https:\/\/outletdorota.pl\/index.php\/wp-json\/wp\/v2\/product"}],"about":[{"href":"https:\/\/outletdorota.pl\/index.php\/wp-json\/wp\/v2\/types\/product"}],"replies":[{"embeddable":true,"href":"https:\/\/outletdorota.pl\/index.php\/wp-json\/wp\/v2\/comments?post=878"}],"wp:featuredmedia":[{"embeddable":true,"href":"https:\/\/outletdorota.pl\/index.php\/wp-json\/wp\/v2\/media\/879"}],"wp:attachment":[{"href":"https:\/\/outletdorota.pl\/index.php\/wp-json\/wp\/v2\/media?parent=878"}],"wp:term":[{"taxonomy":"product_brand","embeddable":true,"href":"https:\/\/outletdorota.pl\/index.php\/wp-json\/wp\/v2\/product_brand?post=878"},{"taxonomy":"product_cat","embeddable":true,"href":"https:\/\/outletdorota.pl\/index.php\/wp-json\/wp\/v2\/product_cat?post=878"},{"taxonomy":"product_tag","embeddable":true,"href":"https:\/\/outletdorota.pl\/index.php\/wp-json\/wp\/v2\/product_tag?post=878"}],"curies":[{"name":"wp","href":"https:\/\/api.w.org\/{rel}","templated":true}]}}