{"id":882,"date":"2026-03-03T14:43:53","date_gmt":"2026-03-03T14:43:53","guid":{"rendered":"https:\/\/outletdorota.pl\/?post_type=product&#038;p=882"},"modified":"2026-03-03T14:53:12","modified_gmt":"2026-03-03T14:53:12","slug":"t-shirt-gap","status":"publish","type":"product","link":"https:\/\/outletdorota.pl\/index.php\/produkt\/t-shirt-gap\/","title":{"rendered":"T-shirt GAP"},"content":{"rendered":"<p>rozmiar: M<\/p>\n<p>kolor: granatowy<\/p>\n<p>materia\u0142: 95% bawe\u0142na, 5% elastan<\/p>\n<p>szeroko\u015b\u0107 od pachy do pachy: 40 cm<\/p>\n<p>d\u0142ugo\u015b\u0107: 55 cm<\/p>\n<p>nowy, bez metki<\/p>\n","protected":false},"excerpt":{"rendered":"<p>rozmiar: M kolor: granatowy materia\u0142: 95% bawe\u0142na, 5% elastan szeroko\u015b\u0107  [&#8230;]<\/p>\n","protected":false},"featured_media":883,"comment_status":"open","ping_status":"closed","template":"","meta":[],"product_brand":[],"product_cat":[31,27],"product_tag":[],"class_list":{"0":"post-882","1":"product","2":"type-product","3":"status-publish","4":"has-post-thumbnail","6":"product_cat-dziecieca","7":"product_cat-odziez","9":"first","10":"instock","11":"shipping-taxable","12":"purchasable","13":"product-type-simple"},"_links":{"self":[{"href":"https:\/\/outletdorota.pl\/index.php\/wp-json\/wp\/v2\/product\/882","targetHints":{"allow":["GET"]}}],"collection":[{"href":"https:\/\/outletdorota.pl\/index.php\/wp-json\/wp\/v2\/product"}],"about":[{"href":"https:\/\/outletdorota.pl\/index.php\/wp-json\/wp\/v2\/types\/product"}],"replies":[{"embeddable":true,"href":"https:\/\/outletdorota.pl\/index.php\/wp-json\/wp\/v2\/comments?post=882"}],"wp:featuredmedia":[{"embeddable":true,"href":"https:\/\/outletdorota.pl\/index.php\/wp-json\/wp\/v2\/media\/883"}],"wp:attachment":[{"href":"https:\/\/outletdorota.pl\/index.php\/wp-json\/wp\/v2\/media?parent=882"}],"wp:term":[{"taxonomy":"product_brand","embeddable":true,"href":"https:\/\/outletdorota.pl\/index.php\/wp-json\/wp\/v2\/product_brand?post=882"},{"taxonomy":"product_cat","embeddable":true,"href":"https:\/\/outletdorota.pl\/index.php\/wp-json\/wp\/v2\/product_cat?post=882"},{"taxonomy":"product_tag","embeddable":true,"href":"https:\/\/outletdorota.pl\/index.php\/wp-json\/wp\/v2\/product_tag?post=882"}],"curies":[{"name":"wp","href":"https:\/\/api.w.org\/{rel}","templated":true}]}}