{"id":891,"date":"2026-03-03T15:27:56","date_gmt":"2026-03-03T15:27:56","guid":{"rendered":"https:\/\/outletdorota.pl\/?post_type=product&#038;p=891"},"modified":"2026-03-03T15:35:03","modified_gmt":"2026-03-03T15:35:03","slug":"dresy-puma","status":"publish","type":"product","link":"https:\/\/outletdorota.pl\/index.php\/produkt\/dresy-puma\/","title":{"rendered":"Dresy PUMA"},"content":{"rendered":"<p>rozmiar: 3-4 yrs \/ 104<\/p>\n<p>kolor: czarny<\/p>\n<p>materia\u0142: 77% bawe\u0142na, 23% poliester<\/p>\n<p>obw\u00f3d pasa: 28 cm<\/p>\n<p>d\u0142ugo\u015b\u0107: 59 cm<\/p>\n","protected":false},"excerpt":{"rendered":"<p>rozmiar: 3-4 yrs \/ 104 kolor: czarny materia\u0142: 77% bawe\u0142na,  [&#8230;]<\/p>\n","protected":false},"featured_media":893,"comment_status":"open","ping_status":"closed","template":"","meta":[],"product_brand":[],"product_cat":[31,27],"product_tag":[],"class_list":{"0":"post-891","1":"product","2":"type-product","3":"status-publish","4":"has-post-thumbnail","6":"product_cat-dziecieca","7":"product_cat-odziez","9":"first","10":"instock","11":"shipping-taxable","12":"purchasable","13":"product-type-simple"},"_links":{"self":[{"href":"https:\/\/outletdorota.pl\/index.php\/wp-json\/wp\/v2\/product\/891","targetHints":{"allow":["GET"]}}],"collection":[{"href":"https:\/\/outletdorota.pl\/index.php\/wp-json\/wp\/v2\/product"}],"about":[{"href":"https:\/\/outletdorota.pl\/index.php\/wp-json\/wp\/v2\/types\/product"}],"replies":[{"embeddable":true,"href":"https:\/\/outletdorota.pl\/index.php\/wp-json\/wp\/v2\/comments?post=891"}],"wp:featuredmedia":[{"embeddable":true,"href":"https:\/\/outletdorota.pl\/index.php\/wp-json\/wp\/v2\/media\/893"}],"wp:attachment":[{"href":"https:\/\/outletdorota.pl\/index.php\/wp-json\/wp\/v2\/media?parent=891"}],"wp:term":[{"taxonomy":"product_brand","embeddable":true,"href":"https:\/\/outletdorota.pl\/index.php\/wp-json\/wp\/v2\/product_brand?post=891"},{"taxonomy":"product_cat","embeddable":true,"href":"https:\/\/outletdorota.pl\/index.php\/wp-json\/wp\/v2\/product_cat?post=891"},{"taxonomy":"product_tag","embeddable":true,"href":"https:\/\/outletdorota.pl\/index.php\/wp-json\/wp\/v2\/product_tag?post=891"}],"curies":[{"name":"wp","href":"https:\/\/api.w.org\/{rel}","templated":true}]}}