{"id":91,"date":"2026-02-10T19:44:46","date_gmt":"2026-02-10T19:44:46","guid":{"rendered":"https:\/\/outletdorota.pl\/index.php\/produkt\/bluza-adidas-fc-bayern-terrace-icons\/"},"modified":"2026-02-20T07:49:03","modified_gmt":"2026-02-20T07:49:03","slug":"bluza-adidas-fc-bayern-terrace-icons","status":"publish","type":"product","link":"https:\/\/outletdorota.pl\/index.php\/produkt\/bluza-adidas-fc-bayern-terrace-icons\/","title":{"rendered":"Bluza adidas FC Bayern Terrace Icons"},"content":{"rendered":"<p>Bluza adidas FC Bayern Terrace Icons w kolorze bordowym. Liga: Bundesliga. Materia\u0142: 100% bawe\u0142na. Rozmiar M, nowa z metk\u0105.<\/p>\n","protected":false},"excerpt":{"rendered":"<p>Bluza adidas FC Bayern Terrace Icons w kolorze bordowym. Liga:  [&#8230;]<\/p>\n","protected":false},"featured_media":322,"comment_status":"open","ping_status":"closed","template":"","meta":[],"product_brand":[],"product_cat":[32,29,27],"product_tag":[],"class_list":{"0":"post-91","1":"product","2":"type-product","3":"status-publish","4":"has-post-thumbnail","6":"product_cat-bluzy-i-swetry","7":"product_cat-meska","8":"product_cat-odziez","10":"first","11":"outofstock","12":"shipping-taxable","13":"purchasable","14":"product-type-simple"},"_links":{"self":[{"href":"https:\/\/outletdorota.pl\/index.php\/wp-json\/wp\/v2\/product\/91","targetHints":{"allow":["GET"]}}],"collection":[{"href":"https:\/\/outletdorota.pl\/index.php\/wp-json\/wp\/v2\/product"}],"about":[{"href":"https:\/\/outletdorota.pl\/index.php\/wp-json\/wp\/v2\/types\/product"}],"replies":[{"embeddable":true,"href":"https:\/\/outletdorota.pl\/index.php\/wp-json\/wp\/v2\/comments?post=91"}],"wp:featuredmedia":[{"embeddable":true,"href":"https:\/\/outletdorota.pl\/index.php\/wp-json\/wp\/v2\/media\/322"}],"wp:attachment":[{"href":"https:\/\/outletdorota.pl\/index.php\/wp-json\/wp\/v2\/media?parent=91"}],"wp:term":[{"taxonomy":"product_brand","embeddable":true,"href":"https:\/\/outletdorota.pl\/index.php\/wp-json\/wp\/v2\/product_brand?post=91"},{"taxonomy":"product_cat","embeddable":true,"href":"https:\/\/outletdorota.pl\/index.php\/wp-json\/wp\/v2\/product_cat?post=91"},{"taxonomy":"product_tag","embeddable":true,"href":"https:\/\/outletdorota.pl\/index.php\/wp-json\/wp\/v2\/product_tag?post=91"}],"curies":[{"name":"wp","href":"https:\/\/api.w.org\/{rel}","templated":true}]}}