{"id":913,"date":"2026-03-12T13:16:34","date_gmt":"2026-03-12T13:16:34","guid":{"rendered":"https:\/\/outletdorota.pl\/?post_type=product&#038;p=913"},"modified":"2026-03-12T13:16:34","modified_gmt":"2026-03-12T13:16:34","slug":"koszulka-magna-husaria-3","status":"publish","type":"product","link":"https:\/\/outletdorota.pl\/index.php\/produkt\/koszulka-magna-husaria-3\/","title":{"rendered":"koszulka MAGNA HUSARIA"},"content":{"rendered":"<p>rozmiar: 140<\/p>\n<p>kolor: bia\u0142y<\/p>\n<p>materia\u0142: 100% bawe\u0142na<\/p>\n<p>szeroko\u015b\u0107 od pachy do pachy: 42 cm<\/p>\n<p>d\u0142ugo\u015b\u0107: 55 cm<\/p>\n","protected":false},"excerpt":{"rendered":"<p>rozmiar: 140 kolor: bia\u0142y materia\u0142: 100% bawe\u0142na szeroko\u015b\u0107 od pachy  [&#8230;]<\/p>\n","protected":false},"featured_media":914,"comment_status":"open","ping_status":"closed","template":"","meta":[],"product_brand":[],"product_cat":[31,27],"product_tag":[],"class_list":{"0":"post-913","1":"product","2":"type-product","3":"status-publish","4":"has-post-thumbnail","6":"product_cat-dziecieca","7":"product_cat-odziez","9":"first","10":"instock","11":"shipping-taxable","12":"purchasable","13":"product-type-simple"},"_links":{"self":[{"href":"https:\/\/outletdorota.pl\/index.php\/wp-json\/wp\/v2\/product\/913","targetHints":{"allow":["GET"]}}],"collection":[{"href":"https:\/\/outletdorota.pl\/index.php\/wp-json\/wp\/v2\/product"}],"about":[{"href":"https:\/\/outletdorota.pl\/index.php\/wp-json\/wp\/v2\/types\/product"}],"replies":[{"embeddable":true,"href":"https:\/\/outletdorota.pl\/index.php\/wp-json\/wp\/v2\/comments?post=913"}],"wp:featuredmedia":[{"embeddable":true,"href":"https:\/\/outletdorota.pl\/index.php\/wp-json\/wp\/v2\/media\/914"}],"wp:attachment":[{"href":"https:\/\/outletdorota.pl\/index.php\/wp-json\/wp\/v2\/media?parent=913"}],"wp:term":[{"taxonomy":"product_brand","embeddable":true,"href":"https:\/\/outletdorota.pl\/index.php\/wp-json\/wp\/v2\/product_brand?post=913"},{"taxonomy":"product_cat","embeddable":true,"href":"https:\/\/outletdorota.pl\/index.php\/wp-json\/wp\/v2\/product_cat?post=913"},{"taxonomy":"product_tag","embeddable":true,"href":"https:\/\/outletdorota.pl\/index.php\/wp-json\/wp\/v2\/product_tag?post=913"}],"curies":[{"name":"wp","href":"https:\/\/api.w.org\/{rel}","templated":true}]}}