{"id":932,"date":"2026-03-13T15:06:19","date_gmt":"2026-03-13T15:06:19","guid":{"rendered":"https:\/\/outletdorota.pl\/?post_type=product&#038;p=932"},"modified":"2026-03-13T15:06:19","modified_gmt":"2026-03-13T15:06:19","slug":"buty-nike-unisex","status":"publish","type":"product","link":"https:\/\/outletdorota.pl\/index.php\/produkt\/buty-nike-unisex\/","title":{"rendered":"Buty NIKE UNISEX"},"content":{"rendered":"<p>rozmiar: 40<\/p>\n<p>kolor: czarny, bia\u0142y<\/p>\n<p>d\u0142ugo\u015b\u0107 wk\u0142adki: 25 cm<\/p>\n","protected":false},"excerpt":{"rendered":"<p>rozmiar: 40 kolor: czarny, bia\u0142y d\u0142ugo\u015b\u0107 wk\u0142adki: 25 cm<\/p>\n","protected":false},"featured_media":933,"comment_status":"open","ping_status":"closed","template":"","meta":[],"product_brand":[],"product_cat":[49,50,28,52,58],"product_tag":[],"class_list":{"0":"post-932","1":"product","2":"type-product","3":"status-publish","4":"has-post-thumbnail","6":"product_cat-damskie","7":"product_cat-meskie","8":"product_cat-obuwie","9":"product_cat-sneakersy-i-sportowe","10":"product_cat-sneakersy-i-sportowe-damskie","12":"first","13":"instock","14":"shipping-taxable","15":"purchasable","16":"product-type-simple"},"_links":{"self":[{"href":"https:\/\/outletdorota.pl\/index.php\/wp-json\/wp\/v2\/product\/932","targetHints":{"allow":["GET"]}}],"collection":[{"href":"https:\/\/outletdorota.pl\/index.php\/wp-json\/wp\/v2\/product"}],"about":[{"href":"https:\/\/outletdorota.pl\/index.php\/wp-json\/wp\/v2\/types\/product"}],"replies":[{"embeddable":true,"href":"https:\/\/outletdorota.pl\/index.php\/wp-json\/wp\/v2\/comments?post=932"}],"wp:featuredmedia":[{"embeddable":true,"href":"https:\/\/outletdorota.pl\/index.php\/wp-json\/wp\/v2\/media\/933"}],"wp:attachment":[{"href":"https:\/\/outletdorota.pl\/index.php\/wp-json\/wp\/v2\/media?parent=932"}],"wp:term":[{"taxonomy":"product_brand","embeddable":true,"href":"https:\/\/outletdorota.pl\/index.php\/wp-json\/wp\/v2\/product_brand?post=932"},{"taxonomy":"product_cat","embeddable":true,"href":"https:\/\/outletdorota.pl\/index.php\/wp-json\/wp\/v2\/product_cat?post=932"},{"taxonomy":"product_tag","embeddable":true,"href":"https:\/\/outletdorota.pl\/index.php\/wp-json\/wp\/v2\/product_tag?post=932"}],"curies":[{"name":"wp","href":"https:\/\/api.w.org\/{rel}","templated":true}]}}