{"id":939,"date":"2026-03-13T15:27:22","date_gmt":"2026-03-13T15:27:22","guid":{"rendered":"https:\/\/outletdorota.pl\/?post_type=product&#038;p=939"},"modified":"2026-03-13T15:39:26","modified_gmt":"2026-03-13T15:39:26","slug":"buty-adidas-3mc-vulc","status":"publish","type":"product","link":"https:\/\/outletdorota.pl\/index.php\/produkt\/buty-adidas-3mc-vulc\/","title":{"rendered":"Buty ADIDAS  3MC Vulc Unisex"},"content":{"rendered":"<p>rozmiar: 43 1\/3<\/p>\n<p>kolor: bia\u0142y<\/p>\n<p>d\u0142ugo\u015b\u0107 wk\u0142adki: 27,5 cm<\/p>\n","protected":false},"excerpt":{"rendered":"<p>rozmiar: 43 1\/3 kolor: bia\u0142y d\u0142ugo\u015b\u0107 wk\u0142adki: 27,5 cm<\/p>\n","protected":false},"featured_media":940,"comment_status":"open","ping_status":"closed","template":"","meta":[],"product_brand":[],"product_cat":[49,50,28,52,58],"product_tag":[],"class_list":{"0":"post-939","1":"product","2":"type-product","3":"status-publish","4":"has-post-thumbnail","6":"product_cat-damskie","7":"product_cat-meskie","8":"product_cat-obuwie","9":"product_cat-sneakersy-i-sportowe","10":"product_cat-sneakersy-i-sportowe-damskie","12":"first","13":"instock","14":"shipping-taxable","15":"purchasable","16":"product-type-simple"},"_links":{"self":[{"href":"https:\/\/outletdorota.pl\/index.php\/wp-json\/wp\/v2\/product\/939","targetHints":{"allow":["GET"]}}],"collection":[{"href":"https:\/\/outletdorota.pl\/index.php\/wp-json\/wp\/v2\/product"}],"about":[{"href":"https:\/\/outletdorota.pl\/index.php\/wp-json\/wp\/v2\/types\/product"}],"replies":[{"embeddable":true,"href":"https:\/\/outletdorota.pl\/index.php\/wp-json\/wp\/v2\/comments?post=939"}],"wp:featuredmedia":[{"embeddable":true,"href":"https:\/\/outletdorota.pl\/index.php\/wp-json\/wp\/v2\/media\/940"}],"wp:attachment":[{"href":"https:\/\/outletdorota.pl\/index.php\/wp-json\/wp\/v2\/media?parent=939"}],"wp:term":[{"taxonomy":"product_brand","embeddable":true,"href":"https:\/\/outletdorota.pl\/index.php\/wp-json\/wp\/v2\/product_brand?post=939"},{"taxonomy":"product_cat","embeddable":true,"href":"https:\/\/outletdorota.pl\/index.php\/wp-json\/wp\/v2\/product_cat?post=939"},{"taxonomy":"product_tag","embeddable":true,"href":"https:\/\/outletdorota.pl\/index.php\/wp-json\/wp\/v2\/product_tag?post=939"}],"curies":[{"name":"wp","href":"https:\/\/api.w.org\/{rel}","templated":true}]}}