{"id":96,"date":"2026-02-10T19:45:02","date_gmt":"2026-02-10T19:45:02","guid":{"rendered":"https:\/\/outletdorota.pl\/index.php\/produkt\/bluza-puma-mapf1-mt7-62374101\/"},"modified":"2026-03-02T09:19:39","modified_gmt":"2026-03-02T09:19:39","slug":"bluza-puma-mapf1-mt7-62374101","status":"publish","type":"product","link":"https:\/\/outletdorota.pl\/index.php\/produkt\/bluza-puma-mapf1-mt7-62374101\/","title":{"rendered":"Bluza Puma MAPF1 MT7 62374101"},"content":{"rendered":"<p>M\u0119ska bluza Puma MAPF1 MT7 Track Jacket w kolorze czarnym z oznaczeniem Mercedes-AMG PETRONAS. Symbol: 62374101. Materia\u0142: 66% poliester, 34% bawe\u0142na. Rozmiar M, nowa z metk\u0105.<\/p>\n","protected":false},"excerpt":{"rendered":"<p>M\u0119ska bluza Puma MAPF1 MT7 Track Jacket w kolorze czarnym  [&#8230;]<\/p>\n","protected":false},"featured_media":200,"comment_status":"open","ping_status":"closed","template":"","meta":[],"product_brand":[],"product_cat":[32,29,27],"product_tag":[],"class_list":{"0":"post-96","1":"product","2":"type-product","3":"status-publish","4":"has-post-thumbnail","6":"product_cat-bluzy-i-swetry","7":"product_cat-meska","8":"product_cat-odziez","10":"first","11":"instock","12":"sale","13":"shipping-taxable","14":"purchasable","15":"product-type-simple"},"_links":{"self":[{"href":"https:\/\/outletdorota.pl\/index.php\/wp-json\/wp\/v2\/product\/96","targetHints":{"allow":["GET"]}}],"collection":[{"href":"https:\/\/outletdorota.pl\/index.php\/wp-json\/wp\/v2\/product"}],"about":[{"href":"https:\/\/outletdorota.pl\/index.php\/wp-json\/wp\/v2\/types\/product"}],"replies":[{"embeddable":true,"href":"https:\/\/outletdorota.pl\/index.php\/wp-json\/wp\/v2\/comments?post=96"}],"wp:featuredmedia":[{"embeddable":true,"href":"https:\/\/outletdorota.pl\/index.php\/wp-json\/wp\/v2\/media\/200"}],"wp:attachment":[{"href":"https:\/\/outletdorota.pl\/index.php\/wp-json\/wp\/v2\/media?parent=96"}],"wp:term":[{"taxonomy":"product_brand","embeddable":true,"href":"https:\/\/outletdorota.pl\/index.php\/wp-json\/wp\/v2\/product_brand?post=96"},{"taxonomy":"product_cat","embeddable":true,"href":"https:\/\/outletdorota.pl\/index.php\/wp-json\/wp\/v2\/product_cat?post=96"},{"taxonomy":"product_tag","embeddable":true,"href":"https:\/\/outletdorota.pl\/index.php\/wp-json\/wp\/v2\/product_tag?post=96"}],"curies":[{"name":"wp","href":"https:\/\/api.w.org\/{rel}","templated":true}]}}