{"id":97,"date":"2026-02-10T19:45:08","date_gmt":"2026-02-10T19:45:08","guid":{"rendered":"https:\/\/outletdorota.pl\/index.php\/produkt\/bluza-puma-mapf1-5318704-granatowa\/"},"modified":"2026-03-02T09:19:39","modified_gmt":"2026-03-02T09:19:39","slug":"bluza-puma-mapf1-5318704-granatowa","status":"publish","type":"product","link":"https:\/\/outletdorota.pl\/index.php\/produkt\/bluza-puma-mapf1-5318704-granatowa\/","title":{"rendered":"Bluza Puma MAPF1 53187804 granatowa"},"content":{"rendered":"<p>M\u0119ska bluza z kapturem Puma MAPF1 w kolorze granatowym. Symbol: 5318704. Seria Motorsport, materia\u0142: bawe\u0142na. Rozmiar S, nowa z metk\u0105.<\/p>\n","protected":false},"excerpt":{"rendered":"<p>M\u0119ska bluza z kapturem Puma MAPF1 w kolorze granatowym. Symbol:  [&#8230;]<\/p>\n","protected":false},"featured_media":204,"comment_status":"open","ping_status":"closed","template":"","meta":[],"product_brand":[],"product_cat":[32,29,27],"product_tag":[],"class_list":{"0":"post-97","1":"product","2":"type-product","3":"status-publish","4":"has-post-thumbnail","6":"product_cat-bluzy-i-swetry","7":"product_cat-meska","8":"product_cat-odziez","10":"first","11":"instock","12":"sale","13":"shipping-taxable","14":"purchasable","15":"product-type-simple"},"_links":{"self":[{"href":"https:\/\/outletdorota.pl\/index.php\/wp-json\/wp\/v2\/product\/97","targetHints":{"allow":["GET"]}}],"collection":[{"href":"https:\/\/outletdorota.pl\/index.php\/wp-json\/wp\/v2\/product"}],"about":[{"href":"https:\/\/outletdorota.pl\/index.php\/wp-json\/wp\/v2\/types\/product"}],"replies":[{"embeddable":true,"href":"https:\/\/outletdorota.pl\/index.php\/wp-json\/wp\/v2\/comments?post=97"}],"wp:featuredmedia":[{"embeddable":true,"href":"https:\/\/outletdorota.pl\/index.php\/wp-json\/wp\/v2\/media\/204"}],"wp:attachment":[{"href":"https:\/\/outletdorota.pl\/index.php\/wp-json\/wp\/v2\/media?parent=97"}],"wp:term":[{"taxonomy":"product_brand","embeddable":true,"href":"https:\/\/outletdorota.pl\/index.php\/wp-json\/wp\/v2\/product_brand?post=97"},{"taxonomy":"product_cat","embeddable":true,"href":"https:\/\/outletdorota.pl\/index.php\/wp-json\/wp\/v2\/product_cat?post=97"},{"taxonomy":"product_tag","embeddable":true,"href":"https:\/\/outletdorota.pl\/index.php\/wp-json\/wp\/v2\/product_tag?post=97"}],"curies":[{"name":"wp","href":"https:\/\/api.w.org\/{rel}","templated":true}]}}